{"id":77,"date":"2023-07-08T09:35:06","date_gmt":"2023-07-08T09:35:06","guid":{"rendered":"https:\/\/ilkweb.bilkent.edu.tr\/?page_id=77"},"modified":"2025-12-16T07:23:42","modified_gmt":"2025-12-16T07:23:42","slug":"psikolojik-danismanlik-ve-rehberlik","status":"publish","type":"page","link":"https:\/\/ilkweb.bilkent.edu.tr\/index.php\/psikolojik-danismanlik-ve-rehberlik\/","title":{"rendered":"Psikolojik Dan\u0131\u015fmanl\u0131k ve Rehberlik"},"content":{"rendered":"<p align=\"center\">\n<p style=\"font-weight: bolder; color: #069;\" align=\"center\">&#8220;\u00c7ocuklar, yeti\u015fkinlerden iki \u015feyi edinmelidirler: K\u00f6kler ve kanatlar.&#8221; &#8211; Goethe<\/p>\n<p align=\"left\"><span style=\"color: #cc6600;\">I\u015f\u0131l \u00c7E\u015e\u0130T: Psikolojik Dan\u0131\u015fma ve Rehberlik B\u00f6l\u00fcm Ba\u015fkan\u0131 (3 ve 4. S\u0131n\u0131flar)<br \/>\n<\/span><br \/>\nTel: (0312) 290 83 48<br \/>\ne-posta: <a href=\"mailto:isil.onal@bilkent.edu.tr\">isil.onal@bilkent.edu.tr<\/a><\/p>\n<p style=\"text-align: left;\" align=\"right\"><span style=\"color: #cc6600;\">\u00d6zge PINAR KO\u00c7ARO\u011eLU: 1 ve 2. S\u0131n\u0131flar PDR Uzman\u0131<\/span><\/p>\n<p style=\"text-align: left;\" align=\"right\">Tel: (0312) 290 83 61<br \/>\ne-posta: <a href=\"mailto:ozge.pinar@bilkent.edu.tr\">ozge.pinar@bilkent.edu.tr<\/a><\/p>\n<p align=\"left\"><span style=\"color: #cc6600;\">\u00d6yk\u00fc \u00d6ZTEK\u0130N: Anas\u0131n\u0131f\u0131 PDR \u00d6\u011fretmeni<\/span><\/p>\n<p align=\"left\">Tel:(0312) 290 83 96<br \/>\ne-posta: <a href=\"mailto:oyku.oztekin@bilkent.edu.tr\">oyku.oztekin@bilkent.edu.tr<\/a><\/p>\n<p align=\"left\"><span style=\"color: #cc6600;\">Serhan \u00c7ark\u00e7\u0131: \u00d6zel E\u011fitim \u00d6\u011fretmeni<\/span><\/p>\n<p>Tel: (0312) 290<br \/>\ne-posta: <a href=\"mailto:serhan.carkci@bilkent.edu.tr\">serhan.carkci@bilkent.edu.tr<\/a><\/p>\n","protected":false},"excerpt":{"rendered":"<p>&#8220;\u00c7ocuklar, yeti\u015fkinlerden iki \u015feyi edinmelidirler: K\u00f6kler ve kanatlar.&#8221; &#8211; Goethe I\u015f\u0131l \u00c7E\u015e\u0130T: Psikolojik Dan\u0131\u015fma ve Rehberlik B\u00f6l\u00fcm Ba\u015fkan\u0131 (3 ve 4. S\u0131n\u0131flar) Tel: (0312) 290 83 48 e-posta: isil.onal@bilkent.edu.tr \u00d6zge [&hellip;]<\/p>\n","protected":false},"author":1,"featured_media":0,"parent":0,"menu_order":0,"comment_status":"closed","ping_status":"closed","template":"","meta":[],"_links":{"self":[{"href":"https:\/\/ilkweb.bilkent.edu.tr\/index.php\/wp-json\/wp\/v2\/pages\/77"}],"collection":[{"href":"https:\/\/ilkweb.bilkent.edu.tr\/index.php\/wp-json\/wp\/v2\/pages"}],"about":[{"href":"https:\/\/ilkweb.bilkent.edu.tr\/index.php\/wp-json\/wp\/v2\/types\/page"}],"author":[{"embeddable":true,"href":"https:\/\/ilkweb.bilkent.edu.tr\/index.php\/wp-json\/wp\/v2\/users\/1"}],"replies":[{"embeddable":true,"href":"https:\/\/ilkweb.bilkent.edu.tr\/index.php\/wp-json\/wp\/v2\/comments?post=77"}],"version-history":[{"count":6,"href":"https:\/\/ilkweb.bilkent.edu.tr\/index.php\/wp-json\/wp\/v2\/pages\/77\/revisions"}],"predecessor-version":[{"id":603,"href":"https:\/\/ilkweb.bilkent.edu.tr\/index.php\/wp-json\/wp\/v2\/pages\/77\/revisions\/603"}],"wp:attachment":[{"href":"https:\/\/ilkweb.bilkent.edu.tr\/index.php\/wp-json\/wp\/v2\/media?parent=77"}],"curies":[{"name":"wp","href":"https:\/\/api.w.org\/{rel}","templated":true}]}}