{"id":75,"date":"2023-07-08T09:34:28","date_gmt":"2023-07-08T09:34:28","guid":{"rendered":"https:\/\/ilkweb.bilkent.edu.tr\/?page_id=75"},"modified":"2025-09-24T07:37:16","modified_gmt":"2025-09-24T07:37:16","slug":"drama","status":"publish","type":"page","link":"https:\/\/ilkweb.bilkent.edu.tr\/index.php\/drama\/","title":{"rendered":"Drama"},"content":{"rendered":"<p>Drama; s\u00fcrece kat\u0131lanlar\u0131n ya\u015fant\u0131lar\u0131ndan yola \u00e7\u0131karak bir d\u00fc\u015f\u00fcnceyi, olay\u0131 hem dramaya hem tiyatroya \u00f6zg\u00fc teknikler kullanarak canland\u0131rmas\u0131d\u0131r ve grup etkinli\u011fidir.<br \/>\nDrama, \u00f6\u011frencinin sahneye haz\u0131rl\u0131k ve performans de\u011ferlendirme s\u00fcre\u00e7lerinde sorgulama becerisini destekler. \u00d6\u011frenci s\u00fcre\u00e7 boyunca sorgulama hatlar\u0131 \u00fczerinde \u00e7al\u0131\u015f\u0131r. \u00d6\u011frenen, farkl\u0131 \u00fcnitelerde farkl\u0131 temalar, kavramlar ve sorgulama hatlar\u0131 ile \u00e7al\u0131\u015f\u0131rken neyi bilmek istedi\u011fini, neleri biliyor oldu\u011funu, neleri \u00f6\u011frendi\u011fini de\u011ferlendirir. Performans sunumlar\u0131n\u0131n i\u00e7erikleri hakk\u0131nda bilgi edinir. Drama, kurgusal \u00e7at\u0131\u015fmaya dayal\u0131d\u0131r. Dolay\u0131s\u0131yla s\u00fcre\u00e7 boyunca \u00f6\u011frenci kar\u015f\u0131la\u015ft\u0131\u011f\u0131 \u00e7at\u0131\u015fma durumlar\u0131n\u0131 performanslar arac\u0131l\u0131\u011f\u0131yla \u00e7\u00f6zmeye, yeniden yap\u0131land\u0131rmaya ve de\u011ferlendirmeye \u00e7al\u0131\u015f\u0131r. Bu s\u00fcre\u00e7te problem \u00e7\u00f6zmek, yeni olas\u0131l\u0131klar \u00fcretmek, ele\u015ftirel d\u00fc\u015f\u00fcnmek gibi d\u00fc\u015f\u00fcnme beceriler desteklenir. \u00d6\u011frenen, \u00f6\u011frenme s\u00fcrecini de\u011ferlendirir ve yap\u0131land\u0131r\u0131r. D\u00fcnyay\u0131, kendi fikir ve eylemlerini d\u00f6n\u00fc\u015f\u00fcml\u00fc d\u00fc\u015f\u00fcn\u00fcr.<\/p>\n<p>Drama dersinde;<\/p>\n<ul>\n<li>Pantomim \u00e7al\u0131\u015fmalar\u0131,<\/li>\n<li>Performatif adaptasyon \u00e7al\u0131\u015fmalar\u0131,<\/li>\n<li>Ses-beden \u00e7al\u0131\u015fmalar\u0131,<\/li>\n<li>Sahne bilgisi,<\/li>\n<li>Yorumlay\u0131c\u0131 sahne \u00e7al\u0131\u015fmalar\u0131,<\/li>\n<li>Toplumsal temalardan hareketle (\u00e7evre kirlili\u011fi, hayvan haklar\u0131 vd.) performans yarat\u0131m\u0131 \u00e7al\u0131\u015fmalar\u0131 yap\u0131l\u0131r.<\/li>\n<\/ul>\n<p style=\"text-align: center;\">Merve Ulu Bekta\u015f<br \/>\n<a href=\"mailto:merve.bektas@bilkent.edu.tr\">merve.bektas@bilkent.edu.tr<\/a><\/p>\n","protected":false},"excerpt":{"rendered":"<p>Drama; s\u00fcrece kat\u0131lanlar\u0131n ya\u015fant\u0131lar\u0131ndan yola \u00e7\u0131karak bir d\u00fc\u015f\u00fcnceyi, olay\u0131 hem dramaya hem tiyatroya \u00f6zg\u00fc teknikler kullanarak canland\u0131rmas\u0131d\u0131r ve grup etkinli\u011fidir. Drama, \u00f6\u011frencinin sahneye haz\u0131rl\u0131k ve performans de\u011ferlendirme s\u00fcre\u00e7lerinde sorgulama becerisini [&hellip;]<\/p>\n","protected":false},"author":1,"featured_media":0,"parent":0,"menu_order":0,"comment_status":"closed","ping_status":"closed","template":"","meta":[],"_links":{"self":[{"href":"https:\/\/ilkweb.bilkent.edu.tr\/index.php\/wp-json\/wp\/v2\/pages\/75"}],"collection":[{"href":"https:\/\/ilkweb.bilkent.edu.tr\/index.php\/wp-json\/wp\/v2\/pages"}],"about":[{"href":"https:\/\/ilkweb.bilkent.edu.tr\/index.php\/wp-json\/wp\/v2\/types\/page"}],"author":[{"embeddable":true,"href":"https:\/\/ilkweb.bilkent.edu.tr\/index.php\/wp-json\/wp\/v2\/users\/1"}],"replies":[{"embeddable":true,"href":"https:\/\/ilkweb.bilkent.edu.tr\/index.php\/wp-json\/wp\/v2\/comments?post=75"}],"version-history":[{"count":3,"href":"https:\/\/ilkweb.bilkent.edu.tr\/index.php\/wp-json\/wp\/v2\/pages\/75\/revisions"}],"predecessor-version":[{"id":547,"href":"https:\/\/ilkweb.bilkent.edu.tr\/index.php\/wp-json\/wp\/v2\/pages\/75\/revisions\/547"}],"wp:attachment":[{"href":"https:\/\/ilkweb.bilkent.edu.tr\/index.php\/wp-json\/wp\/v2\/media?parent=75"}],"curies":[{"name":"wp","href":"https:\/\/api.w.org\/{rel}","templated":true}]}}