{"id":69,"date":"2023-07-08T09:33:51","date_gmt":"2023-07-08T09:33:51","guid":{"rendered":"https:\/\/ilkweb.bilkent.edu.tr\/?page_id=69"},"modified":"2025-01-20T13:08:20","modified_gmt":"2025-01-20T13:08:20","slug":"beden-egitimi","status":"publish","type":"page","link":"https:\/\/ilkweb.bilkent.edu.tr\/index.php\/beden-egitimi\/","title":{"rendered":"Beden E\u011fitimi"},"content":{"rendered":"<p style=\"font-weight: bolder; color: #069;\" align=\"center\">&#8220;\u00c7ocuk doldurulacak vazo de\u011fil tutu\u015fturulacak ate\u015ftir.&#8221; &#8211; Rabelais<\/p>\n<p align=\"center\">Ali Aykut ALKA\u00c7IR &#8211; <a href=\"mailto:aliaykut.alkacir@bilkent.edu.tr\">aliaykut.alkacir@bilkent.edu.tr<\/a><br \/>\nP\u0131nar ALACALI YAZGAN \u2013<a href=\"mailto:pinar.alacali@bilkent.edu.tr\">pinar.alacali@bilkent.edu.tr<\/a><\/p>\n","protected":false},"excerpt":{"rendered":"<p>&#8220;\u00c7ocuk doldurulacak vazo de\u011fil tutu\u015fturulacak ate\u015ftir.&#8221; &#8211; Rabelais Ali Aykut ALKA\u00c7IR &#8211; aliaykut.alkacir@bilkent.edu.tr P\u0131nar ALACALI YAZGAN \u2013pinar.alacali@bilkent.edu.tr<\/p>\n","protected":false},"author":1,"featured_media":0,"parent":0,"menu_order":0,"comment_status":"closed","ping_status":"closed","template":"","meta":[],"_links":{"self":[{"href":"https:\/\/ilkweb.bilkent.edu.tr\/index.php\/wp-json\/wp\/v2\/pages\/69"}],"collection":[{"href":"https:\/\/ilkweb.bilkent.edu.tr\/index.php\/wp-json\/wp\/v2\/pages"}],"about":[{"href":"https:\/\/ilkweb.bilkent.edu.tr\/index.php\/wp-json\/wp\/v2\/types\/page"}],"author":[{"embeddable":true,"href":"https:\/\/ilkweb.bilkent.edu.tr\/index.php\/wp-json\/wp\/v2\/users\/1"}],"replies":[{"embeddable":true,"href":"https:\/\/ilkweb.bilkent.edu.tr\/index.php\/wp-json\/wp\/v2\/comments?post=69"}],"version-history":[{"count":2,"href":"https:\/\/ilkweb.bilkent.edu.tr\/index.php\/wp-json\/wp\/v2\/pages\/69\/revisions"}],"predecessor-version":[{"id":214,"href":"https:\/\/ilkweb.bilkent.edu.tr\/index.php\/wp-json\/wp\/v2\/pages\/69\/revisions\/214"}],"wp:attachment":[{"href":"https:\/\/ilkweb.bilkent.edu.tr\/index.php\/wp-json\/wp\/v2\/media?parent=69"}],"curies":[{"name":"wp","href":"https:\/\/api.w.org\/{rel}","templated":true}]}}