{"id":6,"date":"2023-06-23T07:51:57","date_gmt":"2023-06-23T07:51:57","guid":{"rendered":"https:\/\/ilkweb.bilkent.edu.tr\/?page_id=6"},"modified":"2026-04-15T07:15:22","modified_gmt":"2026-04-15T07:15:22","slug":"duyurular","status":"publish","type":"page","link":"https:\/\/ilkweb.bilkent.edu.tr\/","title":{"rendered":"DUYURULAR"},"content":{"rendered":"<p>&nbsp;<\/p>\n<p><a href=\"https:\/\/www.ilkweb.bilkent.edu.tr\/etkinlikler\/OnemliGunler\/yesilvatan\/Yesilvatanikorumak.jpg\"><img decoding=\"async\" loading=\"lazy\" class=\"aligncenter size-medium\" src=\"https:\/\/www.ilkweb.bilkent.edu.tr\/etkinlikler\/OnemliGunler\/yesilvatan\/Yesilvatanikorumak.jpg\" width=\"3911\" height=\"1545\" \/><\/a><\/p>\n<figure style=\"width: 4000px\" class=\"wp-caption aligncenter\"><img decoding=\"async\" loading=\"lazy\" class=\"size-medium\" src=\"https:\/\/www.ilkweb.bilkent.edu.tr\/etkinlikler\/OnemliGunler\/SevgiOrmani\/SevgiOrmani.jpg\" width=\"4000\" height=\"1987\" \/><figcaption class=\"wp-caption-text\">Bilkent Sevgi Orman\u0131<\/figcaption><\/figure>\n<p style=\"font-size: 14px;\" align=\"left\"><a href=\"..\/..\/forms\/yemekanaliz.pdf\" target=\"_blank\" rel=\"noopener\">24.10.2024 Tarihli yemek analiz raporuna ula\u015fmak i\u00e7in t\u0131klay\u0131n\u0131z.<\/a><\/p>\n<p style=\"font-size: 14px;\" align=\"left\"><a href=\"..\/..\/forms\/isgunu2526.pdf\" target=\"_blank\" rel=\"noopener\">2025-2026 E\u011fitim-\u00d6\u011fretim Y\u0131l\u0131 \u0130\u015f G\u00fcn\u00fc Takvimimiz<\/a><\/p>\n<p style=\"font-size: 14px;\" align=\"left\"><a href=\"..\/..\/forms\/suanaliz2026.pdf\" target=\"_blank\" rel=\"noopener\"> Okullar\u0131m\u0131zdaki Su Sebillerinin Analiz Raporlar\u0131<\/a><\/p>\n<p><!--\n\n\n<p style=\"font-size: 14px\";><a href=\"https:\/\/drive.google.com\/file\/d\/1N7mVRuUT1CFCkikwsfY20vqU5OFlla2z\/view?usp=sharing\" target=\"_blank\" rel=\"noopener\"> Erken \u00c7ocukluk ve 1. S\u0131n\u0131f K\u00fct\u00fcphanemiz<\/a><\/p>\n\n\n--><\/p>\n<p style=\"font-size: 14px;\" align=\"left\"><a href=\"https:\/\/drive.google.com\/file\/d\/1qISjPgi68rtqLIKlO91249y7nbkBQVbY\/view?usp=sharing\" target=\"_blank\" rel=\"noopener\"> Okulumuzdan Kareler<\/a><\/p>\n","protected":false},"excerpt":{"rendered":"<p>&nbsp; 24.10.2024 Tarihli yemek analiz raporuna ula\u015fmak i\u00e7in t\u0131klay\u0131n\u0131z. 2025-2026 E\u011fitim-\u00d6\u011fretim Y\u0131l\u0131 \u0130\u015f G\u00fcn\u00fc Takvimimiz Okullar\u0131m\u0131zdaki Su Sebillerinin Analiz Raporlar\u0131 Okulumuzdan Kareler<\/p>\n","protected":false},"author":1,"featured_media":0,"parent":0,"menu_order":0,"comment_status":"closed","ping_status":"closed","template":"","meta":[],"_links":{"self":[{"href":"https:\/\/ilkweb.bilkent.edu.tr\/index.php\/wp-json\/wp\/v2\/pages\/6"}],"collection":[{"href":"https:\/\/ilkweb.bilkent.edu.tr\/index.php\/wp-json\/wp\/v2\/pages"}],"about":[{"href":"https:\/\/ilkweb.bilkent.edu.tr\/index.php\/wp-json\/wp\/v2\/types\/page"}],"author":[{"embeddable":true,"href":"https:\/\/ilkweb.bilkent.edu.tr\/index.php\/wp-json\/wp\/v2\/users\/1"}],"replies":[{"embeddable":true,"href":"https:\/\/ilkweb.bilkent.edu.tr\/index.php\/wp-json\/wp\/v2\/comments?post=6"}],"version-history":[{"count":69,"href":"https:\/\/ilkweb.bilkent.edu.tr\/index.php\/wp-json\/wp\/v2\/pages\/6\/revisions"}],"predecessor-version":[{"id":646,"href":"https:\/\/ilkweb.bilkent.edu.tr\/index.php\/wp-json\/wp\/v2\/pages\/6\/revisions\/646"}],"wp:attachment":[{"href":"https:\/\/ilkweb.bilkent.edu.tr\/index.php\/wp-json\/wp\/v2\/media?parent=6"}],"curies":[{"name":"wp","href":"https:\/\/api.w.org\/{rel}","templated":true}]}}