{"id":57,"date":"2023-07-08T09:33:34","date_gmt":"2023-07-08T09:33:34","guid":{"rendered":"https:\/\/ilkweb.bilkent.edu.tr\/?page_id=57"},"modified":"2025-01-20T13:06:39","modified_gmt":"2025-01-20T13:06:39","slug":"gorsel-sanatlar","status":"publish","type":"page","link":"https:\/\/ilkweb.bilkent.edu.tr\/index.php\/gorsel-sanatlar\/","title":{"rendered":"G\u00f6rsel Sanatlar"},"content":{"rendered":"<p style=\"font-weight: bolder; color: #069;\" align=\"center\">\u00c7ok Sevgili \u00d6\u011frencilerimiz,<\/p>\n<p>At\u00f6lyemizde; \u00f6zg\u00fcrce \u00e7al\u0131\u015farak, yarat\u0131c\u0131l\u0131\u011f\u0131n\u0131z\u0131 ortaya koyarak, sorgulayarak, ele\u015ftirel d\u00fc\u015f\u00fcnerek, farkl\u0131l\u0131klar\u0131n\u0131z\u0131 ortaya \u00e7\u0131kararak, e\u011flenerek i\u00e7inizdeki sanat\u0131 ke\u015ffetmeye ve payla\u015fmaya haz\u0131r m\u0131s\u0131n\u0131z?<\/p>\n<p align=\"center\">\u00d6zge TOPLU &#8211; <a href=\"mailto:ilbeyi@bilkent.edu.tr\">ilbeyi@bilkent.edu.tr<\/a><br \/>\nBurcu D\u0130KER &#8211; <a href=\"mailto:baylan@bilkent.edu.tr\">baylan@bilkent.edu.tr<\/a><\/p>\n<p>G\u00f6rsel Sanatlar derslerinde; \u00f6\u011frencilerimiz yarat\u0131c\u0131 s\u00fcre\u00e7 i\u00e7inde; kendilerini ke\u015ffetmeyi, ileti\u015fim kurmay\u0131, hayal g\u00fcc\u00fcn\u00fc ate\u015flemeyi, do\u011fayla, ya\u015fad\u0131klar\u0131 d\u00fcnya ile empati kurmay\u0131 \u00f6\u011frenirler. Bu derslerde, ezbercilikten, kal\u0131p\u00e7\u0131l\u0131ktan uzak, yenilik\u00e7i ve PYP sistemine g\u00f6re sunulan ufuklar sayesinde \u00f6\u011frencilerimiz birey olarak kendine \u00f6zg\u00fc bir dil olu\u015fturma olana\u011f\u0131na eri\u015febilirler.<\/p>\n<p>Sanat ya\u015famda alg\u0131lan\u0131lanlar\u0131n d\u0131\u015fa vurumu i\u00e7in ola\u011fan\u00fcst\u00fc etkin bir ara\u00e7t\u0131r. G\u00f6rsel sanatlar e\u011fitimi ise \u00f6\u011frencilerimizin kendisini en g\u00fczel bi\u00e7imde ifade edebilmesi ve ger\u00e7ekle\u015ftirmesidir.<\/p>\n<p>Sanat e\u011fitiminde \u00f6n plandaki hedefimiz; sanat\u00e7\u0131lar yeti\u015ftirmek de\u011fildir. \u00c7ocuklar, zaten ola\u011fan\u00fcst\u00fc do\u011fal bir yarat\u0131c\u0131l\u0131k gizil g\u00fcc\u00fcne sahiptirler. Sanat e\u011fitimi san\u0131ld\u0131\u011f\u0131ndan \u00e7ok fazla ilgili alanlar\u0131yla direkt ba\u011flant\u0131l\u0131d\u0131r. Resmin i\u00e7inde matematik, geometri, do\u011faya olan merak\u0131m\u0131z da vard\u0131r. G\u00f6rsel sanatlar PYP sisteminin ke\u015fiflerinden yola \u00e7\u0131karak yeni yolculuklara yelken a\u00e7ar.<\/p>\n","protected":false},"excerpt":{"rendered":"<p>\u00c7ok Sevgili \u00d6\u011frencilerimiz, At\u00f6lyemizde; \u00f6zg\u00fcrce \u00e7al\u0131\u015farak, yarat\u0131c\u0131l\u0131\u011f\u0131n\u0131z\u0131 ortaya koyarak, sorgulayarak, ele\u015ftirel d\u00fc\u015f\u00fcnerek, farkl\u0131l\u0131klar\u0131n\u0131z\u0131 ortaya \u00e7\u0131kararak, e\u011flenerek i\u00e7inizdeki sanat\u0131 ke\u015ffetmeye ve payla\u015fmaya haz\u0131r m\u0131s\u0131n\u0131z? \u00d6zge TOPLU &#8211; ilbeyi@bilkent.edu.tr Burcu D\u0130KER &#8211; [&hellip;]<\/p>\n","protected":false},"author":1,"featured_media":0,"parent":0,"menu_order":0,"comment_status":"closed","ping_status":"closed","template":"","meta":[],"_links":{"self":[{"href":"https:\/\/ilkweb.bilkent.edu.tr\/index.php\/wp-json\/wp\/v2\/pages\/57"}],"collection":[{"href":"https:\/\/ilkweb.bilkent.edu.tr\/index.php\/wp-json\/wp\/v2\/pages"}],"about":[{"href":"https:\/\/ilkweb.bilkent.edu.tr\/index.php\/wp-json\/wp\/v2\/types\/page"}],"author":[{"embeddable":true,"href":"https:\/\/ilkweb.bilkent.edu.tr\/index.php\/wp-json\/wp\/v2\/users\/1"}],"replies":[{"embeddable":true,"href":"https:\/\/ilkweb.bilkent.edu.tr\/index.php\/wp-json\/wp\/v2\/comments?post=57"}],"version-history":[{"count":2,"href":"https:\/\/ilkweb.bilkent.edu.tr\/index.php\/wp-json\/wp\/v2\/pages\/57\/revisions"}],"predecessor-version":[{"id":212,"href":"https:\/\/ilkweb.bilkent.edu.tr\/index.php\/wp-json\/wp\/v2\/pages\/57\/revisions\/212"}],"wp:attachment":[{"href":"https:\/\/ilkweb.bilkent.edu.tr\/index.php\/wp-json\/wp\/v2\/media?parent=57"}],"curies":[{"name":"wp","href":"https:\/\/api.w.org\/{rel}","templated":true}]}}