{"id":565,"date":"2025-11-07T11:57:14","date_gmt":"2025-11-07T11:57:14","guid":{"rendered":"https:\/\/ilkweb.bilkent.edu.tr\/?page_id=565"},"modified":"2025-11-07T11:59:38","modified_gmt":"2025-11-07T11:59:38","slug":"politika-turkce","status":"publish","type":"page","link":"https:\/\/ilkweb.bilkent.edu.tr\/index.php\/politika-turkce\/","title":{"rendered":"Politika T\u00fcrk\u00e7e"},"content":{"rendered":"<ul>\n<li><a href=\"http:\/\/ilkweb.bilkent.edu.tr\/politika\/tr\/ogrencikabul.pdf\" target=\"_blank\" rel=\"noopener\">\u00d6\u011frenci Kabul Politikas\u0131<\/a><\/li>\n<li><a href=\"http:\/\/ilkweb.bilkent.edu.tr\/politika\/tr\/kapsama.pdf\" target=\"_blank\" rel=\"noopener\">Kapsama Politikas\u0131<\/a><\/li>\n<li><a href=\"http:\/\/ilkweb.bilkent.edu.tr\/politika\/tr\/akademikdurustluk.pdf\" target=\"_blank\" rel=\"noopener\">Akademik D\u00fcr\u00fcstl\u00fck Politikas\u0131<\/a><\/li>\n<li><a href=\"http:\/\/ilkweb.bilkent.edu.tr\/politika\/tr\/degerlendirme.pdf\" target=\"_blank\" rel=\"noopener\">De\u011ferlendirme Politikas\u0131<\/a><\/li>\n<li><a href=\"http:\/\/ilkweb.bilkent.edu.tr\/politika\/tr\/dil.pdf\" target=\"_blank\" rel=\"noopener\">Dil Politikas\u0131<\/a><\/li>\n<li><a href=\"http:\/\/ilkweb.bilkent.edu.tr\/politika\/tr\/sikayet.pdf\" target=\"_blank\" rel=\"noopener\">\u015eikayet Prosed\u00fcr\u00fc<\/a><\/li>\n<\/ul>\n","protected":false},"excerpt":{"rendered":"<p>\u00d6\u011frenci Kabul Politikas\u0131 Kapsama Politikas\u0131 Akademik D\u00fcr\u00fcstl\u00fck Politikas\u0131 De\u011ferlendirme Politikas\u0131 Dil Politikas\u0131 \u015eikayet Prosed\u00fcr\u00fc<\/p>\n","protected":false},"author":1,"featured_media":0,"parent":0,"menu_order":0,"comment_status":"closed","ping_status":"closed","template":"","meta":[],"_links":{"self":[{"href":"https:\/\/ilkweb.bilkent.edu.tr\/index.php\/wp-json\/wp\/v2\/pages\/565"}],"collection":[{"href":"https:\/\/ilkweb.bilkent.edu.tr\/index.php\/wp-json\/wp\/v2\/pages"}],"about":[{"href":"https:\/\/ilkweb.bilkent.edu.tr\/index.php\/wp-json\/wp\/v2\/types\/page"}],"author":[{"embeddable":true,"href":"https:\/\/ilkweb.bilkent.edu.tr\/index.php\/wp-json\/wp\/v2\/users\/1"}],"replies":[{"embeddable":true,"href":"https:\/\/ilkweb.bilkent.edu.tr\/index.php\/wp-json\/wp\/v2\/comments?post=565"}],"version-history":[{"count":2,"href":"https:\/\/ilkweb.bilkent.edu.tr\/index.php\/wp-json\/wp\/v2\/pages\/565\/revisions"}],"predecessor-version":[{"id":568,"href":"https:\/\/ilkweb.bilkent.edu.tr\/index.php\/wp-json\/wp\/v2\/pages\/565\/revisions\/568"}],"wp:attachment":[{"href":"https:\/\/ilkweb.bilkent.edu.tr\/index.php\/wp-json\/wp\/v2\/media?parent=565"}],"curies":[{"name":"wp","href":"https:\/\/api.w.org\/{rel}","templated":true}]}}