{"id":55,"date":"2023-07-08T09:31:36","date_gmt":"2023-07-08T09:31:36","guid":{"rendered":"https:\/\/ilkweb.bilkent.edu.tr\/?page_id=55"},"modified":"2025-01-20T13:06:00","modified_gmt":"2025-01-20T13:06:00","slug":"secmeli-dil","status":"publish","type":"page","link":"https:\/\/ilkweb.bilkent.edu.tr\/index.php\/secmeli-dil\/","title":{"rendered":"Se\u00e7meli Dil"},"content":{"rendered":"<p style=\"font-weight: bolder; color: #069;\" align=\"center\">&#8220;Atat\u00fcrk yeni T\u00fcrkiye\u2019nin her dalda &#8220;Bat\u0131 Uygarl\u0131\u011f\u0131&#8221; d\u00fczeyinde \u00e7\u0131karacak gen\u00e7lerinin, \u00f6nemli bir ara\u00e7 olarak Yabanc\u0131 Dilleri de iyi \u00f6\u011frenmeleri gerekti\u011fi \u00fczerinde \u00f6nemle durmu\u015ftur.&#8221;<\/p>\n<div dir=\"ltr\" style=\"text-align: center;\">Emine \u00c7\u00d6REKC\u0130 (Almanca) \u2013<a href=\"mailto:emine.corekci@bilkent.edu.tr\" rel=\"noreferrer\">emine.corekci@bilkent.edu.tr<\/a><\/div>\n<div dir=\"ltr\">\n<div style=\"text-align: center;\">Filiz\u00a0ULUDO\u011eAN\u00a0(Frans\u0131zca) \u2013\u00a0<a href=\"mailto:filiz.uludogan@bilkent.edu.tr\" rel=\"noreferrer\">filiz.uludogan@bilkent.edu.tr<\/a><\/div>\n<div style=\"text-align: center;\">Alev\u00a0\u00d6ZALP \u00c7ALDIRO\u011eLU (\u0130spanyolca) \u2013\u00a0<a href=\"mailto:alev.caldiroglu@bilkent.edu.tr\" rel=\"noreferrer\">alev.caldiroglu@bilkent.edu.tr<\/a><\/div>\n<\/div>\n","protected":false},"excerpt":{"rendered":"<p>&#8220;Atat\u00fcrk yeni T\u00fcrkiye\u2019nin her dalda &#8220;Bat\u0131 Uygarl\u0131\u011f\u0131&#8221; d\u00fczeyinde \u00e7\u0131karacak gen\u00e7lerinin, \u00f6nemli bir ara\u00e7 olarak Yabanc\u0131 Dilleri de iyi \u00f6\u011frenmeleri gerekti\u011fi \u00fczerinde \u00f6nemle durmu\u015ftur.&#8221; Emine \u00c7\u00d6REKC\u0130 (Almanca) \u2013emine.corekci@bilkent.edu.tr Filiz\u00a0ULUDO\u011eAN\u00a0(Frans\u0131zca) \u2013\u00a0filiz.uludogan@bilkent.edu.tr Alev\u00a0\u00d6ZALP [&hellip;]<\/p>\n","protected":false},"author":1,"featured_media":0,"parent":0,"menu_order":0,"comment_status":"closed","ping_status":"closed","template":"","meta":[],"_links":{"self":[{"href":"https:\/\/ilkweb.bilkent.edu.tr\/index.php\/wp-json\/wp\/v2\/pages\/55"}],"collection":[{"href":"https:\/\/ilkweb.bilkent.edu.tr\/index.php\/wp-json\/wp\/v2\/pages"}],"about":[{"href":"https:\/\/ilkweb.bilkent.edu.tr\/index.php\/wp-json\/wp\/v2\/types\/page"}],"author":[{"embeddable":true,"href":"https:\/\/ilkweb.bilkent.edu.tr\/index.php\/wp-json\/wp\/v2\/users\/1"}],"replies":[{"embeddable":true,"href":"https:\/\/ilkweb.bilkent.edu.tr\/index.php\/wp-json\/wp\/v2\/comments?post=55"}],"version-history":[{"count":2,"href":"https:\/\/ilkweb.bilkent.edu.tr\/index.php\/wp-json\/wp\/v2\/pages\/55\/revisions"}],"predecessor-version":[{"id":211,"href":"https:\/\/ilkweb.bilkent.edu.tr\/index.php\/wp-json\/wp\/v2\/pages\/55\/revisions\/211"}],"wp:attachment":[{"href":"https:\/\/ilkweb.bilkent.edu.tr\/index.php\/wp-json\/wp\/v2\/media?parent=55"}],"curies":[{"name":"wp","href":"https:\/\/api.w.org\/{rel}","templated":true}]}}