{"id":53,"date":"2023-07-08T09:31:22","date_gmt":"2023-07-08T09:31:22","guid":{"rendered":"https:\/\/ilkweb.bilkent.edu.tr\/?page_id=53"},"modified":"2025-12-04T19:23:13","modified_gmt":"2025-12-04T19:23:13","slug":"ingilizce-1-4","status":"publish","type":"page","link":"https:\/\/ilkweb.bilkent.edu.tr\/index.php\/ingilizce-1-4\/","title":{"rendered":"\u0130ngilizce 1-4"},"content":{"rendered":"<p style=\"font-weight: bolder; color: #069;\" align=\"center\"><img decoding=\"async\" loading=\"lazy\" class=\"aligncenter size-full wp-image-1746\" src=\"..\/..\/images\/zumre\/ilkeng.jpg\" alt=\"\" width=\"600\" height=\"341\" \/>&#8220;Atat\u00fcrk yeni T\u00fcrkiye\u2019nin her dalda &#8220;Bat\u0131 Uygarl\u0131\u011f\u0131&#8221; d\u00fczeyinde \u00e7\u0131karacak gen\u00e7lerinin, \u00f6nemli bir ara\u00e7 olarak Yabanc\u0131 Dilleri de iyi \u00f6\u011frenmeleri gerekti\u011fi \u00fczerinde \u00f6nemle durmu\u015ftur.&#8221;<\/p>\n<p align=\"center\">Jayne HUTCHINGS AYDIN &#8211; <a href=\"mailto:jayne@bilkent.edu.tr\">jayne@bilkent.edu.tr<\/a><br \/>\nDenise ALPAY ELMAS &#8211; <a href=\"mailto:dalpay@bilkent.edu.tr\">dalpay@bilkent.edu.tr<\/a><br \/>\nArzu YANIK\u00d6MER TA\u015e &#8211; <a href=\"mailto:arzu.tas@bilkent.edu.tr\">arzu.tas@bilkent.edu.tr<\/a><br \/>\nFiliz ESETEK\u0130N &#8211; <a href=\"mailto:filiz.esetekin@bilkent.edu.tr\">filiz.esetekin@bilkent.edu.tr<\/a><br \/>\nArif UZEL &#8211; <a href=\"mailto:arif.uzel@bilkent.edu.tr\">arif.uzel@bilkent.edu.tr<\/a><br \/>\nEnes YARIMBA\u015e &#8211; <a href=\"mailto:enes.yarimbas@bilkent.edu.tr\">enes.yarimbas@bilkent.edu.tr<\/a><br \/>\nBirdem YILMAZ &#8211; <a href=\"mailto:birdem.yilmaz@bilkent.edu.tr\">birdem.yilmaz@bilkent.edu.tr<\/a><br \/>\nSandra IMPERIAL &#8211; <a href=\"mailto:imperial@bilkent.edu.tr\">imperial@bilkent.edu.tr<\/a><br \/>\nDevrim SORRELL &#8211; <a href=\"mailto:devrim.sorrell@bilkent.edu.tr\">devrim.sorrell@bilkent.edu.tr<\/a><br \/>\nEcem YONCACI &#8211; <a href=\"mailto:ecem.yoncaci@bilkent.edu.tr\">ecem.yoncaci@bilkent.edu.tr<\/a><\/p>\n","protected":false},"excerpt":{"rendered":"<p>&#8220;Atat\u00fcrk yeni T\u00fcrkiye\u2019nin her dalda &#8220;Bat\u0131 Uygarl\u0131\u011f\u0131&#8221; d\u00fczeyinde \u00e7\u0131karacak gen\u00e7lerinin, \u00f6nemli bir ara\u00e7 olarak Yabanc\u0131 Dilleri de iyi \u00f6\u011frenmeleri gerekti\u011fi \u00fczerinde \u00f6nemle durmu\u015ftur.&#8221; Jayne HUTCHINGS AYDIN &#8211; jayne@bilkent.edu.tr Denise ALPAY [&hellip;]<\/p>\n","protected":false},"author":1,"featured_media":0,"parent":0,"menu_order":0,"comment_status":"closed","ping_status":"closed","template":"","meta":[],"_links":{"self":[{"href":"https:\/\/ilkweb.bilkent.edu.tr\/index.php\/wp-json\/wp\/v2\/pages\/53"}],"collection":[{"href":"https:\/\/ilkweb.bilkent.edu.tr\/index.php\/wp-json\/wp\/v2\/pages"}],"about":[{"href":"https:\/\/ilkweb.bilkent.edu.tr\/index.php\/wp-json\/wp\/v2\/types\/page"}],"author":[{"embeddable":true,"href":"https:\/\/ilkweb.bilkent.edu.tr\/index.php\/wp-json\/wp\/v2\/users\/1"}],"replies":[{"embeddable":true,"href":"https:\/\/ilkweb.bilkent.edu.tr\/index.php\/wp-json\/wp\/v2\/comments?post=53"}],"version-history":[{"count":4,"href":"https:\/\/ilkweb.bilkent.edu.tr\/index.php\/wp-json\/wp\/v2\/pages\/53\/revisions"}],"predecessor-version":[{"id":593,"href":"https:\/\/ilkweb.bilkent.edu.tr\/index.php\/wp-json\/wp\/v2\/pages\/53\/revisions\/593"}],"wp:attachment":[{"href":"https:\/\/ilkweb.bilkent.edu.tr\/index.php\/wp-json\/wp\/v2\/media?parent=53"}],"curies":[{"name":"wp","href":"https:\/\/api.w.org\/{rel}","templated":true}]}}