{"id":51,"date":"2023-07-08T09:30:55","date_gmt":"2023-07-08T09:30:55","guid":{"rendered":"https:\/\/ilkweb.bilkent.edu.tr\/?page_id=51"},"modified":"2025-11-15T18:03:01","modified_gmt":"2025-11-15T18:03:01","slug":"ingilizce-okul-oncesi","status":"publish","type":"page","link":"https:\/\/ilkweb.bilkent.edu.tr\/index.php\/ingilizce-okul-oncesi\/","title":{"rendered":"\u0130ngilizce Erken \u00c7ocukluk"},"content":{"rendered":"<p>&#8220;Atat\u00fcrk yeni T\u00fcrkiye\u2019nin her dalda &#8220;Bat\u0131 Uygarl\u0131\u011f\u0131&#8221; d\u00fczeyinde \u00e7\u0131karacak gen\u00e7lerinin, \u00f6nemli bir ara\u00e7 olarak Yabanc\u0131 Dilleri de iyi \u00f6\u011frenmeleri gerekti\u011fi \u00fczerinde \u00f6nemle durmu\u015ftur.&#8221;<\/p>\n<p style=\"font-weight: bolder; color: #069;\" align=\"center\"><img decoding=\"async\" loading=\"lazy\" class=\" aligncenter\" src=\"http:\/\/ilkweb.bilkent.edu.tr\/images\/zumre\/Engkres.jpeg\" width=\"532\" height=\"399\" \/><\/p>\n<p align=\"center\">Rosie STOTT ALPASLAN &#8211; <a href=\"mailto:rosie@bilkent.edu.tr\">rosie@bilkent.edu.tr<\/a><br \/>\nEstel BAYSAL &#8211; <a href=\"mailto:estel.baysal@bilkent.edu.tr\">estel.baysal@bilkent.edu.tr<\/a><br \/>\nSeray Y\u00dcKSEL &#8211; <a href=\"mailto:seray.yuksel@bilkent.edu.tr\">seray.yuksel@bilkent.edu.tr<\/a><br \/>\nEmine ARI \u015eAH\u0130N &#8211; <a href=\"mailto:emine.sahin@bilkent.edu.tr\">emine.sahin@bilkent.edu.tr<\/a><br \/>\nYasemin G\u00dcL \u00d6ZL\u00dc &#8211; <a href=\"mailto:yasemin.ozlu@bilkent.edu.tr\">yasemin.ozlu@bilkent.edu.tr<\/a><br \/>\nEslem ARSLAN &#8211; <a href=\"mailto:eslem.arslan@bilkent.edu.tr\">eslem.arslan@bilkent.edu.tr<\/a><br \/>\nSibel ERCAN AKTA\u015e &#8211; <a href=\"mailto:saktas@bilkent.edu.tr\">saktas@bilkent.edu.tr<\/a><\/p>\n","protected":false},"excerpt":{"rendered":"<p>&#8220;Atat\u00fcrk yeni T\u00fcrkiye\u2019nin her dalda &#8220;Bat\u0131 Uygarl\u0131\u011f\u0131&#8221; d\u00fczeyinde \u00e7\u0131karacak gen\u00e7lerinin, \u00f6nemli bir ara\u00e7 olarak Yabanc\u0131 Dilleri de iyi \u00f6\u011frenmeleri gerekti\u011fi \u00fczerinde \u00f6nemle durmu\u015ftur.&#8221; Rosie STOTT ALPASLAN &#8211; rosie@bilkent.edu.tr Estel BAYSAL [&hellip;]<\/p>\n","protected":false},"author":1,"featured_media":0,"parent":0,"menu_order":0,"comment_status":"closed","ping_status":"closed","template":"","meta":[],"_links":{"self":[{"href":"https:\/\/ilkweb.bilkent.edu.tr\/index.php\/wp-json\/wp\/v2\/pages\/51"}],"collection":[{"href":"https:\/\/ilkweb.bilkent.edu.tr\/index.php\/wp-json\/wp\/v2\/pages"}],"about":[{"href":"https:\/\/ilkweb.bilkent.edu.tr\/index.php\/wp-json\/wp\/v2\/types\/page"}],"author":[{"embeddable":true,"href":"https:\/\/ilkweb.bilkent.edu.tr\/index.php\/wp-json\/wp\/v2\/users\/1"}],"replies":[{"embeddable":true,"href":"https:\/\/ilkweb.bilkent.edu.tr\/index.php\/wp-json\/wp\/v2\/comments?post=51"}],"version-history":[{"count":6,"href":"https:\/\/ilkweb.bilkent.edu.tr\/index.php\/wp-json\/wp\/v2\/pages\/51\/revisions"}],"predecessor-version":[{"id":579,"href":"https:\/\/ilkweb.bilkent.edu.tr\/index.php\/wp-json\/wp\/v2\/pages\/51\/revisions\/579"}],"wp:attachment":[{"href":"https:\/\/ilkweb.bilkent.edu.tr\/index.php\/wp-json\/wp\/v2\/media?parent=51"}],"curies":[{"name":"wp","href":"https:\/\/api.w.org\/{rel}","templated":true}]}}