{"id":49,"date":"2023-07-08T09:30:35","date_gmt":"2023-07-08T09:30:35","guid":{"rendered":"https:\/\/ilkweb.bilkent.edu.tr\/?page_id=49"},"modified":"2025-12-29T12:39:21","modified_gmt":"2025-12-29T12:39:21","slug":"4-siniflar","status":"publish","type":"page","link":"https:\/\/ilkweb.bilkent.edu.tr\/index.php\/4-siniflar\/","title":{"rendered":"4. S\u0131n\u0131flar"},"content":{"rendered":"<p align=\"center\"><img decoding=\"async\" loading=\"lazy\" class=\"aligncenter \" src=\"https:\/\/www.ilkweb.bilkent.edu.tr\/images\/zumre\/4siniflar.jpg\" width=\"368\" height=\"491\" \/><\/p>\n<p style=\"font-weight: bolder; color: #069;\" align=\"center\">&#8220;Eserinin \u00fczerinde imzas\u0131 olmayan,<br \/>\nyegane sanatkar \u00f6\u011fretmendir.&#8221; &#8211; M.K.ATAT\u00dcRK<\/p>\n<p align=\"center\">Canan G\u00fcney M\u00dcRSEL &#8211; <a href=\"mailto:cguney@bilkent.edu.tr\">cguney@bilkent.edu.tr<\/a><br \/>\nSelda BURSA &#8211; <a href=\"mailto:selda.bursa@bilkent.edu.tr\">selda.bursa@bilkent.edu.tr<\/a><br \/>\nDr. G\u00f6k\u00e7e Arsoy &#8211; <a href=\"mailto:gokce.arsoy@bilkent.edu.tr\">gokce.arsoy@bilkent.edu.tr<\/a><br \/>\nSena Edizler- <a href=\"mailto:sena.edizler@bilkent.edu.tr\"><strong>sena.edizler@bilkent.edu.tr\u00a0<\/strong><\/a><\/p>\n","protected":false},"excerpt":{"rendered":"<p>&#8220;Eserinin \u00fczerinde imzas\u0131 olmayan, yegane sanatkar \u00f6\u011fretmendir.&#8221; &#8211; M.K.ATAT\u00dcRK Canan G\u00fcney M\u00dcRSEL &#8211; cguney@bilkent.edu.tr Selda BURSA &#8211; selda.bursa@bilkent.edu.tr Dr. G\u00f6k\u00e7e Arsoy &#8211; gokce.arsoy@bilkent.edu.tr Sena Edizler- sena.edizler@bilkent.edu.tr\u00a0<\/p>\n","protected":false},"author":1,"featured_media":0,"parent":0,"menu_order":0,"comment_status":"closed","ping_status":"closed","template":"","meta":[],"_links":{"self":[{"href":"https:\/\/ilkweb.bilkent.edu.tr\/index.php\/wp-json\/wp\/v2\/pages\/49"}],"collection":[{"href":"https:\/\/ilkweb.bilkent.edu.tr\/index.php\/wp-json\/wp\/v2\/pages"}],"about":[{"href":"https:\/\/ilkweb.bilkent.edu.tr\/index.php\/wp-json\/wp\/v2\/types\/page"}],"author":[{"embeddable":true,"href":"https:\/\/ilkweb.bilkent.edu.tr\/index.php\/wp-json\/wp\/v2\/users\/1"}],"replies":[{"embeddable":true,"href":"https:\/\/ilkweb.bilkent.edu.tr\/index.php\/wp-json\/wp\/v2\/comments?post=49"}],"version-history":[{"count":8,"href":"https:\/\/ilkweb.bilkent.edu.tr\/index.php\/wp-json\/wp\/v2\/pages\/49\/revisions"}],"predecessor-version":[{"id":609,"href":"https:\/\/ilkweb.bilkent.edu.tr\/index.php\/wp-json\/wp\/v2\/pages\/49\/revisions\/609"}],"wp:attachment":[{"href":"https:\/\/ilkweb.bilkent.edu.tr\/index.php\/wp-json\/wp\/v2\/media?parent=49"}],"curies":[{"name":"wp","href":"https:\/\/api.w.org\/{rel}","templated":true}]}}