{"id":482,"date":"2025-03-18T11:11:14","date_gmt":"2025-03-18T11:11:14","guid":{"rendered":"https:\/\/ilkweb.bilkent.edu.tr\/?page_id=482"},"modified":"2026-02-20T10:55:38","modified_gmt":"2026-02-20T10:55:38","slug":"sergiler","status":"publish","type":"page","link":"https:\/\/ilkweb.bilkent.edu.tr\/index.php\/sergiler\/","title":{"rendered":"Sergiler"},"content":{"rendered":"<p><a href=\"https:\/\/drive.google.com\/file\/d\/1IsVUWgejb7nhuoeTBjOIvt-3AzUqHpfr\/view?usp=sharing\">Duru Haholu&#8217;nun &#8220;Hayat\u0131m\u0131n Renkleri&#8221; Resim Sergisi<\/a><\/p>\n<p><a href=\"https:\/\/drive.google.com\/file\/d\/1eyU1ZQIJdKbSOv9wlG2JEQXxHzddfNV1\/view?usp=sharing\">Arya \u00d6zt\u00fcrk&#8217;\u00fcn &#8220;Arya&#8217;n\u0131n D\u00fcnyas\u0131&#8221; Resim Sergisi<\/a><\/p>\n<p><a href=\"https:\/\/drive.google.com\/file\/d\/1Of2UmoC3FNn_UWzPyIk9I-JlrmSZ-tS7\/view?usp=sharing\">\u00d6yk\u00fc Kurt&#8217;un &#8220;Sevimli Patiler&#8221; Foto\u011fraf Sergisi<\/a><\/p>\n<p><a href=\"https:\/\/drive.google.com\/file\/d\/17zYdI6LiVOAMLpI1jkHRHO8EupjGx26-\/view?usp=sharing\">Ada Ayser&#8217;in &#8220;G\u00fczel \u00c7i\u00e7ekler&#8221; Foto\u011fraf Sergisi<\/a><\/p>\n<p><a href=\"https:\/\/drive.google.com\/file\/d\/13aQiBJD6DrfrliSMeH5fbDCmp60dVQgJ\/view?usp=sharing\">G\u00fcn\u0131\u015f\u0131\u011f\u0131 \u00c7all\u0131&#8217;n\u0131n &#8220;G\u00fcn\u0131\u015f\u0131\u011f\u0131&#8217;n\u0131n Sanata A\u00e7\u0131lan Kap\u0131s\u0131&#8221; Resim Sergisi<\/a><\/p>\n<p><a href=\"https:\/\/drive.google.com\/file\/d\/1UVu4exDngFAQZXJhVmjlJSIpnvR-9rae\/view?usp=drive_link\">Yal\u0131n Erkayao\u011flu&#8217;nun &#8220;Yal\u0131n&#8217;\u0131n Resimleri&#8221; Resim Sergisi<\/a><\/p>\n<p><a href=\"https:\/\/drive.google.com\/file\/d\/1pTdSlWroRqCOrBJDVfxLFHH1lDng5z-f\/view?usp=sharing\">\u0130pek Karag\u00f6z&#8217;\u00fcn &#8220;\u0130pek&#8217;in Ka\u011f\u0131t ve Kalemden Dostlar\u0131&#8221; Resim Sergisi<\/a><\/p>\n<p><a href=\"https:\/\/drive.google.com\/file\/d\/1d_ciXRBkCBaoMzrrUK3oUqkkRluBwaiB\/view?usp=drive_link\">Zeynep Nil Polat&#8217;\u0131n &#8220;Zeynep Nil&#8217;in Resimleri&#8221; Resim Sergisi<\/a><\/p>\n<p><a href=\"https:\/\/drive.google.com\/file\/d\/1D8cuez1TkWe4p6JtiviTlQyobDkR29Ec\/view?usp=drive_link\">Defne Erba\u015f&#8217;\u0131n &#8220;Defne&#8217;nin Resim Adas\u0131&#8221; Resim Sergisi<\/a><\/p>\n<p><a href=\"https:\/\/drive.google.com\/file\/d\/1o6r_3JA_0ID2YyDEDyQhSGsnM67f7-c_\/view?usp=sharing\">Ela K\u0131l\u0131\u00e7&#8217;\u0131n &#8220;Ela&#8217;n\u0131n&#8221; Resim Sergisi<\/a><\/p>\n<p><a href=\"https:\/\/drive.google.com\/file\/d\/1kOAIO5yXadrC7ri0CXZ44TQf3kt434SM\/view?usp=sharing\">Defne \u00d6zt\u00fcrk ve \u0130pek I\u015f\u0131k\u2019\u0131n &#8220;\u0130pek ve Defne&#8217;nin Sihirli Resimleri&#8221; Resim Sergisi<\/a><\/p>\n<p><a href=\"https:\/\/drive.google.com\/file\/d\/1LKKd7hl8de25K7kgeEVQkHyORGdL2g0B\/view?usp=drive_link\">Yaz Suyolcu ve Elya \u0130nal&#8217;\u0131n &#8220;Hello Kitty&#8217;nin Dostluk D\u00fcnyas\u0131&#8221; Resim Sergisi<\/a><\/p>\n<p><a href=\"https:\/\/drive.google.com\/file\/d\/1DRoZzaj6b_KRYaCp6-1T3VbhJe6_f0tZ\/view?usp=drive_link\">Kerem Aksade&#8217;nin &#8220;Benim Sihirli Emojilerim&#8221; Resim Sergisi<\/a><\/p>\n<p><a href=\"https:\/\/drive.google.com\/file\/d\/1m-hBgxOOukroTpuovXLwKn2eRdFgsQvV\/view?usp=drive_link\">Arya Ergan ve Bade \u00c7intimur&#8217;un Bade ve Arya&#8217;n\u0131n Resim D\u00fcnyas\u0131&#8221; Resim Sergisi<\/a><\/p>\n<p><a href=\"https:\/\/drive.google.com\/file\/d\/1xYlRHu5tQGctvLSCvhUvWQlpK0UKfE-U\/view?usp=drive_link\">Emily Nil Miller&#8217;in &#8220;Emily&#8217;nin \u00c7izgi Film Kahramanlar\u0131&#8221; Resim Sergisi<\/a><\/p>\n<p><a href=\"https:\/\/drive.google.com\/file\/d\/1MDa7hhFI_Zg58xMARS-Qeb_qbzX_PLCX\/view?usp=sharing\">Doruk Acar&#8217;\u0131n &#8220;Pencereler&#8221; Resim Sergisi<\/a><\/p>\n<p><a href=\"https:\/\/drive.google.com\/file\/d\/17OCcWHMk63xtl08zeYR7IPYFKHBTcdkh\/view?usp=sharing\">Nil Turgut&#8217;un &#8220;Nil&#8217;in G\u00f6kku\u015fa\u011f\u0131 Partisi&#8221; Resim Sergisi<\/a><\/p>\n<p><a href=\"https:\/\/drive.google.com\/file\/d\/1r1l80SR6cEfI_V5O2sGyx9hfq3QE5ehN\/view?usp=sharing\">Arya Kirazc\u0131&#8217;n\u0131n &#8220;Arya&#8217;n\u0131n Renkli D\u00fcnyas\u0131&#8221; Resim Sergisi<\/a><\/p>\n<p><a href=\"https:\/\/drive.google.com\/file\/d\/1uy8ims0F20lUakeIae7SoJNvD-YbdXWn\/view?usp=sharing\">Alya G\u00fcl&#8217;\u00fcn &#8220;Alya&#8217;n\u0131n Sevgi Dolu D\u00fcnyas\u0131&#8221; Resim Sergisi<\/a><\/p>\n<p><a href=\"https:\/\/drive.google.com\/file\/d\/1TlhUIwj81c9UF8vFTb5FGhx5HHysx6hq\/view?usp=drive_link\">Zeynep Nil K\u0131rba\u015fo\u011flu&#8217;nun &#8220;Zeynep Nil&#8217;in Sihirli Renkleri&#8221; Resim Sergisi<\/a><\/p>\n<p><a href=\"https:\/\/drive.google.com\/file\/d\/1X7RvjVXKebXqRHsTDTZ0PdgUMgJCmDvI\/view?usp=drive_link\">Onur Ege Yakar&#8217;\u0131n &#8220;Benim Sihirli \u015eiirlerim&#8221; \u015eiir Sergisi<\/a><\/p>\n<p><a href=\"https:\/\/drive.google.com\/file\/d\/1MUOX80HeQvjG9zyVhvfrlXkjDO4bT6Ae\/view?usp=drive_link\">G\u00fcne\u015f Arpac\u0131 ve Masal \u00d6z\u00e7elik&#8217;in &#8220;Mutluluk Soka\u011f\u0131&#8221; Resim Sergisi<\/a><\/p>\n<p><a href=\"https:\/\/drive.google.com\/file\/d\/1o0pxOuixut43ODIc7q7DLSiWo_RK2W6o\/view?usp=drive_link\">Aziz Eymen \u00d6zdemir&#8217;in Resim Sergisi<\/a><\/p>\n<p><a href=\"https:\/\/drive.google.com\/file\/d\/1byQrz4aa92Z3uCQJ9sdgir_BDCQ-QpG0\/view?usp=drive_link\">Sarp Soysal&#8217;\u0131n &#8220;Sarp The LEGO Master&#8221; Resim Sergisi<\/a><\/p>\n<p><a href=\"https:\/\/drive.google.com\/file\/d\/1rlFb_n97Nx0-CFdLduKuPN1HNclF9MNv\/view?usp=drive_link\">Melisa Beren \u00d6zt\u00fcrk&#8217;\u00fcn &#8220;Melisa&#8217;n\u0131n Sihirli Renkleri&#8221; Resim Sergisi<\/a><\/p>\n<p><a href=\"https:\/\/drive.google.com\/file\/d\/1JaCMSJPhiFBtk29x4qtxBMdKGDdKHMUN\/view?usp=drive_link\">Alp Ka\u00e7ar&#8217;\u0131n &#8220;Alp&#8217;in Seramikleri&#8221; Seramik Sergisi<\/a><\/p>\n<p><a href=\"https:\/\/drive.google.com\/file\/d\/1FwTxkjKwn-l71r4numircC_z-5Fx0-ul\/view?usp=drive_link\">Ada \u00c7al\u0131k&#8217;\u0131n &#8220;Ada&#8217;n\u0131n Yeni Y\u0131l D\u00fcnyas\u0131&#8221; Resim Sergisi<\/a><\/p>\n<p><a href=\"https:\/\/drive.google.com\/file\/d\/1FyqpudhZtUVkBTQPd4Zw2bTnpGDWunfU\/view?usp=drive_link\">Ahmet Deniz \u00c7engel&#8217;in &#8220;Sonic D\u00fcnyas\u0131&#8221; Resim Sergisi<\/a><\/p>\n<p>&nbsp;<\/p>\n","protected":false},"excerpt":{"rendered":"<p>Duru Haholu&#8217;nun &#8220;Hayat\u0131m\u0131n Renkleri&#8221; Resim Sergisi Arya \u00d6zt\u00fcrk&#8217;\u00fcn &#8220;Arya&#8217;n\u0131n D\u00fcnyas\u0131&#8221; Resim Sergisi \u00d6yk\u00fc Kurt&#8217;un &#8220;Sevimli Patiler&#8221; Foto\u011fraf Sergisi Ada Ayser&#8217;in &#8220;G\u00fczel \u00c7i\u00e7ekler&#8221; Foto\u011fraf Sergisi G\u00fcn\u0131\u015f\u0131\u011f\u0131 \u00c7all\u0131&#8217;n\u0131n &#8220;G\u00fcn\u0131\u015f\u0131\u011f\u0131&#8217;n\u0131n Sanata A\u00e7\u0131lan Kap\u0131s\u0131&#8221; [&hellip;]<\/p>\n","protected":false},"author":1,"featured_media":0,"parent":0,"menu_order":0,"comment_status":"closed","ping_status":"closed","template":"","meta":[],"_links":{"self":[{"href":"https:\/\/ilkweb.bilkent.edu.tr\/index.php\/wp-json\/wp\/v2\/pages\/482"}],"collection":[{"href":"https:\/\/ilkweb.bilkent.edu.tr\/index.php\/wp-json\/wp\/v2\/pages"}],"about":[{"href":"https:\/\/ilkweb.bilkent.edu.tr\/index.php\/wp-json\/wp\/v2\/types\/page"}],"author":[{"embeddable":true,"href":"https:\/\/ilkweb.bilkent.edu.tr\/index.php\/wp-json\/wp\/v2\/users\/1"}],"replies":[{"embeddable":true,"href":"https:\/\/ilkweb.bilkent.edu.tr\/index.php\/wp-json\/wp\/v2\/comments?post=482"}],"version-history":[{"count":16,"href":"https:\/\/ilkweb.bilkent.edu.tr\/index.php\/wp-json\/wp\/v2\/pages\/482\/revisions"}],"predecessor-version":[{"id":632,"href":"https:\/\/ilkweb.bilkent.edu.tr\/index.php\/wp-json\/wp\/v2\/pages\/482\/revisions\/632"}],"wp:attachment":[{"href":"https:\/\/ilkweb.bilkent.edu.tr\/index.php\/wp-json\/wp\/v2\/media?parent=482"}],"curies":[{"name":"wp","href":"https:\/\/api.w.org\/{rel}","templated":true}]}}