{"id":47,"date":"2023-07-08T09:30:25","date_gmt":"2023-07-08T09:30:25","guid":{"rendered":"https:\/\/ilkweb.bilkent.edu.tr\/?page_id=47"},"modified":"2025-09-01T08:19:35","modified_gmt":"2025-09-01T08:19:35","slug":"3-siniflar","status":"publish","type":"page","link":"https:\/\/ilkweb.bilkent.edu.tr\/index.php\/3-siniflar\/","title":{"rendered":"3. S\u0131n\u0131flar"},"content":{"rendered":"<p><img decoding=\"async\" loading=\"lazy\" class=\"aligncenter \" src=\"https:\/\/ilkweb.bilkent.edu.tr\/images\/zumre\/3siniflar.jpeg\" width=\"455\" height=\"341\" \/><\/p>\n<p style=\"font-weight: bolder; color: #069;\" align=\"center\">&#8220;Ger\u00e7ek e\u011fitim, kendinden en iyiyi vermekten ge\u00e7er.&#8221; &#8211; M.Gandhi<\/p>\n<p align=\"center\">Dr. Adem BAYIRLI &#8211; <a href=\"mailto:adembayirli@bilkent.edu.tr\">adembayirli@bilkent.edu.tr<\/a><br \/>\nEbru BOYACILAR-\u00a0<a href=\"http:\/\/ebruboyac\u0131lar@bilkent.edu.tr\">ebruboyacilar@bilkent.edu.tr<\/a><br \/>\n\u00d6yk\u00fcm YILMAZ MALATYALI &#8211; <a href=\"mailto:oykum.yilmaz@bilkent.edu.tr\">oykum.yilmaz@bilkent.edu.tr<br \/>\n<\/a>K\u00fcbra \u0130rem DEL\u0130ORMAN-<a href=\"mailto:irem.deliorman@bilkent.edu.tr\"> irem.deliorman@bilkent.edu.tr<\/a><br \/>\nEzgi EK\u0130Z &#8211; <a href=\"mailto:ezgi.ekiz@bilkent.edu.tr\">ezgi.ekiz@bilkent.edu.tr<\/a><\/p>\n","protected":false},"excerpt":{"rendered":"<p>&#8220;Ger\u00e7ek e\u011fitim, kendinden en iyiyi vermekten ge\u00e7er.&#8221; &#8211; M.Gandhi Dr. Adem BAYIRLI &#8211; adembayirli@bilkent.edu.tr Ebru BOYACILAR-\u00a0ebruboyacilar@bilkent.edu.tr \u00d6yk\u00fcm YILMAZ MALATYALI &#8211; oykum.yilmaz@bilkent.edu.tr K\u00fcbra \u0130rem DEL\u0130ORMAN- irem.deliorman@bilkent.edu.tr Ezgi EK\u0130Z &#8211; ezgi.ekiz@bilkent.edu.tr<\/p>\n","protected":false},"author":1,"featured_media":0,"parent":0,"menu_order":0,"comment_status":"closed","ping_status":"closed","template":"","meta":[],"_links":{"self":[{"href":"https:\/\/ilkweb.bilkent.edu.tr\/index.php\/wp-json\/wp\/v2\/pages\/47"}],"collection":[{"href":"https:\/\/ilkweb.bilkent.edu.tr\/index.php\/wp-json\/wp\/v2\/pages"}],"about":[{"href":"https:\/\/ilkweb.bilkent.edu.tr\/index.php\/wp-json\/wp\/v2\/types\/page"}],"author":[{"embeddable":true,"href":"https:\/\/ilkweb.bilkent.edu.tr\/index.php\/wp-json\/wp\/v2\/users\/1"}],"replies":[{"embeddable":true,"href":"https:\/\/ilkweb.bilkent.edu.tr\/index.php\/wp-json\/wp\/v2\/comments?post=47"}],"version-history":[{"count":6,"href":"https:\/\/ilkweb.bilkent.edu.tr\/index.php\/wp-json\/wp\/v2\/pages\/47\/revisions"}],"predecessor-version":[{"id":525,"href":"https:\/\/ilkweb.bilkent.edu.tr\/index.php\/wp-json\/wp\/v2\/pages\/47\/revisions\/525"}],"wp:attachment":[{"href":"https:\/\/ilkweb.bilkent.edu.tr\/index.php\/wp-json\/wp\/v2\/media?parent=47"}],"curies":[{"name":"wp","href":"https:\/\/api.w.org\/{rel}","templated":true}]}}