{"id":45,"date":"2023-07-08T09:30:15","date_gmt":"2023-07-08T09:30:15","guid":{"rendered":"https:\/\/ilkweb.bilkent.edu.tr\/?page_id=45"},"modified":"2025-12-05T10:40:11","modified_gmt":"2025-12-05T10:40:11","slug":"2-siniflar","status":"publish","type":"page","link":"https:\/\/ilkweb.bilkent.edu.tr\/index.php\/2-siniflar\/","title":{"rendered":"2. S\u0131n\u0131flar"},"content":{"rendered":"<p><img decoding=\"async\" loading=\"lazy\" class=\"aligncenter \" src=\"https:\/\/www.ilkweb.bilkent.edu.tr\/images\/zumre\/2.siniflar.jpg\" width=\"354\" height=\"472\" \/><\/p>\n<p style=\"font-weight: bolder; color: #069;\" align=\"center\">&#8220;Yaratman\u0131n ba\u015flang\u0131c\u0131d\u0131r d\u00fc\u015f g\u00fcc\u00fc&#8230; Diledi\u011finizi d\u00fc\u015fler, d\u00fc\u015fledi\u011finizi ama\u00e7lar ve<br \/>\nama\u00e7lad\u0131\u011f\u0131n\u0131z\u0131 da yarat\u0131rs\u0131n\u0131z sonunda.&#8221; &#8211; Bernard Shaw<\/p>\n<p align=\"center\">Aylin \u015eAN &#8211; <a href=\"mailto:aylin.san@bilkent.edu.tr\">aylin.san@bilkent.edu.tr<\/a><br \/>\nG\u00fclhan BOZKURT &#8211; <a href=\"mailto:gulhan.bozkurt@bilkent.edu.tr\">gulhan.bozkurt@bilkent.edu.tr<\/a><br \/>\nI\u015f\u0131n KIPRIZLI &#8211; <a href=\"mailto:isin.kiprizli@bilkent.edu.tr\">isin.kiprizli@bilkent.edu.tr<\/a><br \/>\nFiruze DO\u011eAN &#8211; <a href=\"mailto:firuze.dogan@bilkent.edu.tr\">firuze.dogan@bilkent.edu.tr<\/a><br \/>\nTu\u011f\u00e7e G\u00dcL &#8211; <a href=\"mailto:tugce.gul@bilkent.edu.tr\">tugce.gul@bilkent.edu.tr<\/a><\/p>\n","protected":false},"excerpt":{"rendered":"<p>&#8220;Yaratman\u0131n ba\u015flang\u0131c\u0131d\u0131r d\u00fc\u015f g\u00fcc\u00fc&#8230; Diledi\u011finizi d\u00fc\u015fler, d\u00fc\u015fledi\u011finizi ama\u00e7lar ve ama\u00e7lad\u0131\u011f\u0131n\u0131z\u0131 da yarat\u0131rs\u0131n\u0131z sonunda.&#8221; &#8211; Bernard Shaw Aylin \u015eAN &#8211; aylin.san@bilkent.edu.tr G\u00fclhan BOZKURT &#8211; gulhan.bozkurt@bilkent.edu.tr I\u015f\u0131n KIPRIZLI &#8211; isin.kiprizli@bilkent.edu.tr Firuze DO\u011eAN [&hellip;]<\/p>\n","protected":false},"author":1,"featured_media":0,"parent":0,"menu_order":0,"comment_status":"closed","ping_status":"closed","template":"","meta":[],"_links":{"self":[{"href":"https:\/\/ilkweb.bilkent.edu.tr\/index.php\/wp-json\/wp\/v2\/pages\/45"}],"collection":[{"href":"https:\/\/ilkweb.bilkent.edu.tr\/index.php\/wp-json\/wp\/v2\/pages"}],"about":[{"href":"https:\/\/ilkweb.bilkent.edu.tr\/index.php\/wp-json\/wp\/v2\/types\/page"}],"author":[{"embeddable":true,"href":"https:\/\/ilkweb.bilkent.edu.tr\/index.php\/wp-json\/wp\/v2\/users\/1"}],"replies":[{"embeddable":true,"href":"https:\/\/ilkweb.bilkent.edu.tr\/index.php\/wp-json\/wp\/v2\/comments?post=45"}],"version-history":[{"count":7,"href":"https:\/\/ilkweb.bilkent.edu.tr\/index.php\/wp-json\/wp\/v2\/pages\/45\/revisions"}],"predecessor-version":[{"id":600,"href":"https:\/\/ilkweb.bilkent.edu.tr\/index.php\/wp-json\/wp\/v2\/pages\/45\/revisions\/600"}],"wp:attachment":[{"href":"https:\/\/ilkweb.bilkent.edu.tr\/index.php\/wp-json\/wp\/v2\/media?parent=45"}],"curies":[{"name":"wp","href":"https:\/\/api.w.org\/{rel}","templated":true}]}}