{"id":396,"date":"2025-01-23T11:49:58","date_gmt":"2025-01-23T11:49:58","guid":{"rendered":"https:\/\/ilkweb.bilkent.edu.tr\/?page_id=396"},"modified":"2025-01-23T11:49:58","modified_gmt":"2025-01-23T11:49:58","slug":"ortak-kararlarimiz-2","status":"publish","type":"page","link":"https:\/\/ilkweb.bilkent.edu.tr\/index.php\/ortak-kararlarimiz-2\/","title":{"rendered":"Ortak Kararlar\u0131m\u0131z"},"content":{"rendered":"<p>\u2022 Okulumuzun t\u00fcm \u00f6\u011frencileri, \u00f6\u011fretmenleri ve personeli k\u00fct\u00fcphanenin do\u011fal \u00fcyesidirler.<br \/>\n\u2022 Kitaplar\u0131m\u0131z\u0131 \u00f6\u011fretmenlerimiz d\u00f6nemlik 50 kitap, \u00f6\u011frencilerimizse iki hafta s\u00fcreyle en fazla 3 adet olacak \u015fekilde \u00f6d\u00fcn\u00e7 alabilirler.<br \/>\n\u2022 S\u00fcreli yay\u0131nlar (son say\u0131lar\u0131 hari\u00e7), \u00f6\u011frencilerimize bir hafta s\u00fcreyle 1 adet \u00f6d\u00fcn\u00e7 olarak verilmektedir.<br \/>\n\u2022 Dan\u0131\u015fma kaynaklar\u0131 \u00f6d\u00fcn\u00e7 verilmemektedir.<br \/>\n\u2022 \u0130ade s\u00fcresi ge\u00e7en yay\u0131n teslim edilmedik\u00e7e veya s\u00fcresi uzat\u0131lmad\u0131k\u00e7a kullan\u0131c\u0131ya yeni bir yay\u0131n \u00f6d\u00fcn\u00e7 verilmez.<br \/>\n\u2022 Kitap d\u0131\u015f\u0131 materyaller (CD, VCD, DVD vb.) sadece \u00f6\u011fretmenlerimize \u00f6d\u00fcn\u00e7 verilir.<br \/>\n\u2022 \u00d6d\u00fcn\u00e7 al\u0131nan kaynaklar\u0131n zarar g\u00f6rmesi ya da kaybolmas\u0131 durumunda, okuyucudan ayn\u0131 kayna\u011f\u0131 temin etmesi, temin edemedi\u011fi durumlarda ise k\u00fct\u00fcphane \u00f6\u011fretmeninin belirledi\u011fi, kaybedilen kayna\u011fa e\u015fde\u011ferde, bir kaynak al\u0131nmas\u0131 istenir.<br \/>\n\u2022 \u00d6\u011frencilerimiz \u00f6d\u00fcn\u00e7 ald\u0131klar\u0131 kitab\u0131n iadesini geciktirmeleri durumunda g\u00fcnl\u00fck 25 kr\u015f ceza \u00f6derler.<br \/>\n\u2022 E\u011fitim ve \u00f6\u011fretim y\u0131l\u0131n\u0131n sona ermesine \u00fc\u00e7 hafta kala \u00f6d\u00fcn\u00e7 verme hizmeti durdurulur.<br \/>\n\u2022 K\u00fct\u00fcphane bilgisayarlar\u0131 ara\u015ft\u0131rma yapmak i\u00e7in kullan\u0131l\u0131r, bilgisayarlarda oyun oynanmas\u0131 yasakt\u0131r.<\/p>\n<p>\u00d6\u011frenci ve \u00f6\u011fretmenlerimizden;<br \/>\n\u2022 K\u00fct\u00fcphaneye yiyecek ve i\u00e7ecekler girilmemesi,<br \/>\n\u2022 K\u00fct\u00fcphane, ara\u015ft\u0131rma yapmak, \u00e7al\u0131\u015fmak ve okumak isteyenlerin kullanabilece\u011fi ortak bir alan olmas\u0131 nedeniyle al\u00e7ak sesle konu\u015fulmas\u0131,<br \/>\n\u2022 K\u00fct\u00fcphanede bulunan kitap, dergi, s\u00f6zl\u00fck, ansiklopedi gibi kaynaklar\u0131n y\u0131prat\u0131lmamas\u0131 i\u00e7in \u00f6zenli kullan\u0131lmas\u0131,<br \/>\n\u2022 Raflardan al\u0131nan kitaplar\u0131n yerlerinin kar\u0131\u015fmamas\u0131 i\u00e7in &#8220;raf ayra\u00e7lar\u0131&#8221;m\u0131z\u0131n kullan\u0131lmas\u0131,<br \/>\n\u2022 Masa ve sandalyelerin temiz ve sessiz bi\u00e7imde d\u00fczenlenerek b\u0131rak\u0131lmas\u0131 beklenir.<\/p>\n","protected":false},"excerpt":{"rendered":"<p>\u2022 Okulumuzun t\u00fcm \u00f6\u011frencileri, \u00f6\u011fretmenleri ve personeli k\u00fct\u00fcphanenin do\u011fal \u00fcyesidirler. \u2022 Kitaplar\u0131m\u0131z\u0131 \u00f6\u011fretmenlerimiz d\u00f6nemlik 50 kitap, \u00f6\u011frencilerimizse iki hafta s\u00fcreyle en fazla 3 adet olacak \u015fekilde \u00f6d\u00fcn\u00e7 alabilirler. \u2022 S\u00fcreli [&hellip;]<\/p>\n","protected":false},"author":1,"featured_media":0,"parent":0,"menu_order":0,"comment_status":"closed","ping_status":"closed","template":"","meta":[],"_links":{"self":[{"href":"https:\/\/ilkweb.bilkent.edu.tr\/index.php\/wp-json\/wp\/v2\/pages\/396"}],"collection":[{"href":"https:\/\/ilkweb.bilkent.edu.tr\/index.php\/wp-json\/wp\/v2\/pages"}],"about":[{"href":"https:\/\/ilkweb.bilkent.edu.tr\/index.php\/wp-json\/wp\/v2\/types\/page"}],"author":[{"embeddable":true,"href":"https:\/\/ilkweb.bilkent.edu.tr\/index.php\/wp-json\/wp\/v2\/users\/1"}],"replies":[{"embeddable":true,"href":"https:\/\/ilkweb.bilkent.edu.tr\/index.php\/wp-json\/wp\/v2\/comments?post=396"}],"version-history":[{"count":1,"href":"https:\/\/ilkweb.bilkent.edu.tr\/index.php\/wp-json\/wp\/v2\/pages\/396\/revisions"}],"predecessor-version":[{"id":397,"href":"https:\/\/ilkweb.bilkent.edu.tr\/index.php\/wp-json\/wp\/v2\/pages\/396\/revisions\/397"}],"wp:attachment":[{"href":"https:\/\/ilkweb.bilkent.edu.tr\/index.php\/wp-json\/wp\/v2\/media?parent=396"}],"curies":[{"name":"wp","href":"https:\/\/api.w.org\/{rel}","templated":true}]}}