{"id":39,"date":"2023-07-08T05:18:41","date_gmt":"2023-07-08T05:18:41","guid":{"rendered":"https:\/\/ilkweb.bilkent.edu.tr\/?page_id=39"},"modified":"2025-11-15T17:41:57","modified_gmt":"2025-11-15T17:41:57","slug":"okul-oncesi-ii","status":"publish","type":"page","link":"https:\/\/ilkweb.bilkent.edu.tr\/index.php\/okul-oncesi-ii\/","title":{"rendered":"Erken \u00c7ocukluk II"},"content":{"rendered":"<p><img decoding=\"async\" loading=\"lazy\" class=\"aligncenter  wp-image-1739\" src=\"..\/..\/images\/zumre\/oo2.jpg\" alt=\"\" width=\"426\" height=\"319\" \/><\/p>\n<p style=\"font-weight: bolder; color: #069;\" align=\"center\">&#8220;Hi\u00e7 kimseye bir \u015fey \u00f6\u011fretemezsiniz. Yapabilece\u011finiz tek \u015fey<br \/>\ni\u00e7lerindeki \u00f6\u011frenme iste\u011fini ke\u015ffetmelerine yard\u0131m etmektir.&#8221; &#8211; Galileo<\/p>\n<p align=\"center\"><img decoding=\"async\" src=\"https:\/\/ilkweb.bilkent.edu.tr\/wp-content\/uploads\/2017\/10\/oo2.jpg\" alt=\"\" width=\"587\" \/>Ladin S\u0131n\u0131f\u0131<br \/>\nDuygu ACAR SEV\u0130M <a href=\"mailto:dsevim@bilkent.edu.tr\">dsevim@bilkent.edu.tr<\/a><br \/>\n\u00d6zlem ORHAN &#8211; <a href=\"mailto:ocarli@bilkent.edu.tr\">ocarli@bilkent.edu.tr<\/a><br \/>\nK\u0131z\u0131l\u00e7am S\u0131n\u0131f\u0131<br \/>\n\u00d6zlem BEYAZ &#8211; <a href=\"mailto:benzero@bilkent.edu.tr\">benzero@bilkent.edu.tr<\/a><br \/>\nAy\u015fe \u00d6Z\u00dcG\u00dcZEL K\u00dc\u00c7\u00dcKBARDASLI &#8211; <a href=\"mailto:ayse.ozuguzel@bilkent.edu.tr\">ayse.ozuguzel@bilkent.edu.tr<\/a><br \/>\nSedir S\u0131n\u0131f\u0131<br \/>\nNursan \u00c7EL\u0130K &#8211; <a href=\"mailto:celikna@bilkent.edu.tr\">celikna@bilkent.edu.tr<\/a><br \/>\nAsl\u0131 G\u00fcrb\u00fcz <a href=\"mailto:asli.gurbuz@bilkent.edu.tr\">asli.gurbuz@bilkent.edu.tr<\/a><br \/>\nK\u00f6knar S\u0131n\u0131f\u0131<br \/>\nMeltem \u00d6ZT\u00dcRK &#8211; <a href=\"mailto:meltemoz@bilkent.edu.tr\">meltemoz@bilkent.edu.tr<br \/>\n<\/a>Cansu Karag\u00f6z <a href=\"mailto:cansu.karagoz@bilkent.edu.tr\">cansu.karagoz@bilkent.edu.tr<\/a><br \/>\nMe\u015fe S\u0131n\u0131f\u0131<br \/>\nBa\u015fak D\u0130P\u00c7\u0130N &#8211; <a href=\"mailto:dbasak@bilkent.edu.tr\">dbasak@bilkent.edu.tr<\/a><br \/>\nLale \u00c7AKMAK\u00c7I &#8211; <a href=\"mailto:lalec@bilkent.edu.tr\">lalec@bilkent.edu.tr<\/a><\/p>\n<p>&nbsp;<\/p>\n<p>&nbsp;<\/p>\n","protected":false},"excerpt":{"rendered":"<p>&#8220;Hi\u00e7 kimseye bir \u015fey \u00f6\u011fretemezsiniz. Yapabilece\u011finiz tek \u015fey i\u00e7lerindeki \u00f6\u011frenme iste\u011fini ke\u015ffetmelerine yard\u0131m etmektir.&#8221; &#8211; Galileo Ladin S\u0131n\u0131f\u0131 Duygu ACAR SEV\u0130M dsevim@bilkent.edu.tr \u00d6zlem ORHAN &#8211; ocarli@bilkent.edu.tr K\u0131z\u0131l\u00e7am S\u0131n\u0131f\u0131 \u00d6zlem BEYAZ [&hellip;]<\/p>\n","protected":false},"author":1,"featured_media":0,"parent":0,"menu_order":0,"comment_status":"closed","ping_status":"closed","template":"","meta":[],"_links":{"self":[{"href":"https:\/\/ilkweb.bilkent.edu.tr\/index.php\/wp-json\/wp\/v2\/pages\/39"}],"collection":[{"href":"https:\/\/ilkweb.bilkent.edu.tr\/index.php\/wp-json\/wp\/v2\/pages"}],"about":[{"href":"https:\/\/ilkweb.bilkent.edu.tr\/index.php\/wp-json\/wp\/v2\/types\/page"}],"author":[{"embeddable":true,"href":"https:\/\/ilkweb.bilkent.edu.tr\/index.php\/wp-json\/wp\/v2\/users\/1"}],"replies":[{"embeddable":true,"href":"https:\/\/ilkweb.bilkent.edu.tr\/index.php\/wp-json\/wp\/v2\/comments?post=39"}],"version-history":[{"count":6,"href":"https:\/\/ilkweb.bilkent.edu.tr\/index.php\/wp-json\/wp\/v2\/pages\/39\/revisions"}],"predecessor-version":[{"id":578,"href":"https:\/\/ilkweb.bilkent.edu.tr\/index.php\/wp-json\/wp\/v2\/pages\/39\/revisions\/578"}],"wp:attachment":[{"href":"https:\/\/ilkweb.bilkent.edu.tr\/index.php\/wp-json\/wp\/v2\/media?parent=39"}],"curies":[{"name":"wp","href":"https:\/\/api.w.org\/{rel}","templated":true}]}}