{"id":379,"date":"2025-01-23T11:36:47","date_gmt":"2025-01-23T11:36:47","guid":{"rendered":"https:\/\/ilkweb.bilkent.edu.tr\/?page_id=379"},"modified":"2025-01-23T11:36:47","modified_gmt":"2025-01-23T11:36:47","slug":"birim-hakkinda","status":"publish","type":"page","link":"https:\/\/ilkweb.bilkent.edu.tr\/index.php\/birim-hakkinda\/","title":{"rendered":"Birim Hakk\u0131nda"},"content":{"rendered":"<p>Amac\u0131m\u0131z: Koruyucu ruh sa\u011fl\u0131\u011f\u0131 \u00e7al\u0131\u015fmalar\u0131n\u0131 okul sisteminde s\u00fcrekli hale getirmektir.<\/p>\n<p>Bu hedefe ula\u015fmak i\u00e7in geli\u015fimsel ve \u00f6nleyici psikolojik dan\u0131\u015fma ve rehberlik \u00e7al\u0131\u015fmalar\u0131 planlan\u0131r. Bu sayede \u00f6\u011frenciler a\u015fa\u011f\u0131da belirtilen alanlarda ya\u015famlar\u0131na aktarabilecekleri \u00e7e\u015fitli f\u0131rsatlara sahip olurlar:<\/p>\n<p>Zihinsel, fiziksel ve duygusal y\u00f6nden kendilerini tan\u0131malar\u0131,<br \/>\nKi\u015fisel geli\u015fim ve b\u00fcy\u00fcmenin sorumlulu\u011funu \u00fcstlenirken \u00e7evreyle etkili ileti\u015fim kurabilmeleri,<br \/>\nHedef belirleyebilmeleri,<br \/>\nProblem \u00e7\u00f6zme ve karar verme becerilerini geli\u015ftirmeleri.<\/p>\n<p>\u0130lkelerimiz:<br \/>\nSayg\u0131,<br \/>\nBireysel \u00f6zellikleri merkeze almak,<br \/>\nYa\u015fam boyu geli\u015fimi desteklemektir.<\/p>\n<p>\u00d6\u011frenciye Y\u00f6nelik \u00c7al\u0131\u015fmalar:<br \/>\n\u00d6\u011frenciyi tan\u0131ma<br \/>\nOkula uyum s\u00fcreci<br \/>\nSosyal beceri e\u011fitimi<br \/>\nMesleki rehberlik- Kariyer geli\u015fimi<br \/>\nEtkili ve verimli \u00e7al\u0131\u015fma<br \/>\nElele program\u0131-Akran dayan\u0131\u015fmas\u0131<br \/>\nOkul Meclisi<br \/>\nBireysel veya grupla psikolojik dan\u0131\u015fmanl\u0131k<br \/>\nBireysel veya grupla rehberlik<\/p>\n<p>Ailelere Y\u00f6nelik \u00c7al\u0131\u015fmalar:<br \/>\nAile tan\u0131ma ama\u00e7l\u0131 g\u00f6r\u00fc\u015fmeler<br \/>\nAile terapisi<br \/>\nAnne baba e\u011fitimleriyle ilgili seminerler<\/p>\n","protected":false},"excerpt":{"rendered":"<p>Amac\u0131m\u0131z: Koruyucu ruh sa\u011fl\u0131\u011f\u0131 \u00e7al\u0131\u015fmalar\u0131n\u0131 okul sisteminde s\u00fcrekli hale getirmektir. Bu hedefe ula\u015fmak i\u00e7in geli\u015fimsel ve \u00f6nleyici psikolojik dan\u0131\u015fma ve rehberlik \u00e7al\u0131\u015fmalar\u0131 planlan\u0131r. Bu sayede \u00f6\u011frenciler a\u015fa\u011f\u0131da belirtilen alanlarda ya\u015famlar\u0131na [&hellip;]<\/p>\n","protected":false},"author":1,"featured_media":0,"parent":0,"menu_order":0,"comment_status":"closed","ping_status":"closed","template":"","meta":[],"_links":{"self":[{"href":"https:\/\/ilkweb.bilkent.edu.tr\/index.php\/wp-json\/wp\/v2\/pages\/379"}],"collection":[{"href":"https:\/\/ilkweb.bilkent.edu.tr\/index.php\/wp-json\/wp\/v2\/pages"}],"about":[{"href":"https:\/\/ilkweb.bilkent.edu.tr\/index.php\/wp-json\/wp\/v2\/types\/page"}],"author":[{"embeddable":true,"href":"https:\/\/ilkweb.bilkent.edu.tr\/index.php\/wp-json\/wp\/v2\/users\/1"}],"replies":[{"embeddable":true,"href":"https:\/\/ilkweb.bilkent.edu.tr\/index.php\/wp-json\/wp\/v2\/comments?post=379"}],"version-history":[{"count":1,"href":"https:\/\/ilkweb.bilkent.edu.tr\/index.php\/wp-json\/wp\/v2\/pages\/379\/revisions"}],"predecessor-version":[{"id":380,"href":"https:\/\/ilkweb.bilkent.edu.tr\/index.php\/wp-json\/wp\/v2\/pages\/379\/revisions\/380"}],"wp:attachment":[{"href":"https:\/\/ilkweb.bilkent.edu.tr\/index.php\/wp-json\/wp\/v2\/media?parent=379"}],"curies":[{"name":"wp","href":"https:\/\/api.w.org\/{rel}","templated":true}]}}