{"id":37,"date":"2023-07-08T05:18:31","date_gmt":"2023-07-08T05:18:31","guid":{"rendered":"https:\/\/ilkweb.bilkent.edu.tr\/?page_id=37"},"modified":"2025-11-15T17:41:31","modified_gmt":"2025-11-15T17:41:31","slug":"okul-oncesi-i","status":"publish","type":"page","link":"https:\/\/ilkweb.bilkent.edu.tr\/index.php\/okul-oncesi-i\/","title":{"rendered":"Erken \u00c7ocukluk I"},"content":{"rendered":"<p><img decoding=\"async\" loading=\"lazy\" class=\"aligncenter size-full wp-image-2466\" src=\"..\/..\/images\/zumre\/oo1.jpeg\" alt=\"\" width=\"500\" height=\"375\" \/><\/p>\n<p style=\"font-weight: bolder; color: #069;\" align=\"center\">&#8220;Heykelt\u0131ra\u015f mermere ne ise; \u00f6\u011fretmen de \u00e7ocu\u011fa odur.&#8221; &#8211; Thomas ADDISON<\/p>\n<p style=\"text-align: center;\">Ard\u0131\u00e7 S\u0131n\u0131f\u0131<br \/>\nEren Ay\u0131k &#8211; <a href=\"ayik@bilkent.edu.tr\">ayik@bilkent.edu.tr<br \/>\n<\/a>Banu AKKAYA &#8211; <a href=\"byuksel@bilkent.edu.tr\">byuksel@bilkent.edu.tr<\/a><\/p>\n<p style=\"text-align: center;\">S\u00f6\u011f\u00fct S\u0131n\u0131f\u0131<br \/>\nDamla TOPUZ &#8211; <a href=\"mailto:damla.topuz@bilkent.edu.tr\">damla.topuz@bilkent.edu.tr<br \/>\n<\/a>Irmak BAL T\u0130RYAK\u0130- <a href=\"mailto:irmak.bal@bilkent.edu.tr\">irmak.bal@bilkent.edu.tr<\/a><\/p>\n<p style=\"text-align: center;\">Nezire DURMU\u015e \u00c7ET\u0130NER &#8211; <a href=\"mailto:durmusn@bilkent.edu.tr\">durmusn@bilkent.edu.tr<\/a><\/p>\n","protected":false},"excerpt":{"rendered":"<p>&#8220;Heykelt\u0131ra\u015f mermere ne ise; \u00f6\u011fretmen de \u00e7ocu\u011fa odur.&#8221; &#8211; Thomas ADDISON Ard\u0131\u00e7 S\u0131n\u0131f\u0131 Eren Ay\u0131k &#8211; ayik@bilkent.edu.tr Banu AKKAYA &#8211; byuksel@bilkent.edu.tr S\u00f6\u011f\u00fct S\u0131n\u0131f\u0131 Damla TOPUZ &#8211; damla.topuz@bilkent.edu.tr Irmak BAL T\u0130RYAK\u0130- [&hellip;]<\/p>\n","protected":false},"author":1,"featured_media":0,"parent":0,"menu_order":0,"comment_status":"closed","ping_status":"closed","template":"","meta":[],"_links":{"self":[{"href":"https:\/\/ilkweb.bilkent.edu.tr\/index.php\/wp-json\/wp\/v2\/pages\/37"}],"collection":[{"href":"https:\/\/ilkweb.bilkent.edu.tr\/index.php\/wp-json\/wp\/v2\/pages"}],"about":[{"href":"https:\/\/ilkweb.bilkent.edu.tr\/index.php\/wp-json\/wp\/v2\/types\/page"}],"author":[{"embeddable":true,"href":"https:\/\/ilkweb.bilkent.edu.tr\/index.php\/wp-json\/wp\/v2\/users\/1"}],"replies":[{"embeddable":true,"href":"https:\/\/ilkweb.bilkent.edu.tr\/index.php\/wp-json\/wp\/v2\/comments?post=37"}],"version-history":[{"count":3,"href":"https:\/\/ilkweb.bilkent.edu.tr\/index.php\/wp-json\/wp\/v2\/pages\/37\/revisions"}],"predecessor-version":[{"id":577,"href":"https:\/\/ilkweb.bilkent.edu.tr\/index.php\/wp-json\/wp\/v2\/pages\/37\/revisions\/577"}],"wp:attachment":[{"href":"https:\/\/ilkweb.bilkent.edu.tr\/index.php\/wp-json\/wp\/v2\/media?parent=37"}],"curies":[{"name":"wp","href":"https:\/\/api.w.org\/{rel}","templated":true}]}}