{"id":363,"date":"2025-01-23T11:24:42","date_gmt":"2025-01-23T11:24:42","guid":{"rendered":"https:\/\/ilkweb.bilkent.edu.tr\/?page_id=363"},"modified":"2025-01-23T11:24:42","modified_gmt":"2025-01-23T11:24:42","slug":"olcme-ve-degerlendirme-10","status":"publish","type":"page","link":"https:\/\/ilkweb.bilkent.edu.tr\/index.php\/olcme-ve-degerlendirme-10\/","title":{"rendered":"\u00d6l\u00e7me ve De\u011ferlendirme"},"content":{"rendered":"<p><strong>Ama\u00e7: <\/strong>\u00d6\u011fretmenin yan\u0131 s\u0131ra \u00f6\u011frencilerin de yapacaklar\u0131 de\u011ferlendirmelerle kazan\u0131mlara ula\u015f\u0131l\u0131p ula\u015f\u0131lmad\u0131\u011f\u0131n\u0131 belirlemektir.<\/p>\n<p>\u00d6\u011frencilerin \u00f6z g\u00fcvenlerini, \u00f6z denetimlerini geli\u015ftirmesini sa\u011flamak onlara ayn\u0131 zamanda \u00f6\u011frenmeyi \u00f6\u011frenmenin yollar\u0131n\u0131 a\u00e7acakt\u0131r. Bu nedenle \u00f6z de\u011ferlendirme, akran de\u011ferlendirme ve grup de\u011ferlendirmelerinin verimli bir \u015fekilde ger\u00e7ekle\u015ftirilebilmesi hedeflenir.<\/p>\n<p>B\u00fct\u00fcn di\u011fer \u00e7al\u0131\u015fmalarda oldu\u011fu gibi \u00f6l\u00e7me ve de\u011ferlendirme faaliyetlerinde de bireysel farkl\u0131l\u0131klar dikkatle ve titizlikle g\u00f6z \u00f6n\u00fcnde bulundurulmaktad\u0131r. \u00d6\u011frencilerin akademik, sosyal veya k\u00fclt\u00fcrel geli\u015fimlerini destekleyerek onlara yol g\u00f6sterecek bir faaliyet olarak \u00f6l\u00e7me ve de\u011ferlendirme \u00e7al\u0131\u015fmalar\u0131 yap\u0131lmaktad\u0131r.<\/p>\n<p><strong>De\u011ferlendirme Ara\u00e7lar\u0131:<\/strong><\/p>\n<p>Okul \u00d6ncesi i\u00e7in kontrol listesi, \u00f6z de\u011ferlendirme formu ve derse kat\u0131l\u0131m temel al\u0131n\u0131r kullan\u0131l\u0131r.<\/p>\n<p>1, 2 ve 3. s\u0131n\u0131flar i\u00e7in \u00e7\u0131k\u0131\u015f kart\u0131, akran de\u011ferlendirme formu, kontrol listesi, \u00f6z de\u011ferlendirme formu ve derse kat\u0131l\u0131m uygulamalar\u0131 yap\u0131l\u0131r.<\/p>\n<p>4.s\u0131n\u0131flarda proje, performans g\u00f6revi, derse kat\u0131l\u0131m ve dereceli puanlama anahtar\u0131 gibi \u00f6l\u00e7me teknikleri ger\u00e7ekle\u015ftirilir.<\/p>\n<p><strong>Raporlama ve Bilgilendirme:<\/strong> T\u00fcm seviyelerde d\u00f6nemde bir defa olmak \u00fczere elektronik ortamda geli\u015fim karneleri verilerek \u00f6\u011frencilerin de\u011ferlendirmeleri aileleri ile payla\u015f\u0131l\u0131r. Ayr\u0131ca 3. S\u0131n\u0131flarda e-portfolyo uygulamas\u0131 ile \u00f6\u011frenciler \u00e7al\u0131\u015fmalar\u0131n\u0131 aileleriyle payla\u015f\u0131r.<\/p>\n","protected":false},"excerpt":{"rendered":"<p>Ama\u00e7: \u00d6\u011fretmenin yan\u0131 s\u0131ra \u00f6\u011frencilerin de yapacaklar\u0131 de\u011ferlendirmelerle kazan\u0131mlara ula\u015f\u0131l\u0131p ula\u015f\u0131lmad\u0131\u011f\u0131n\u0131 belirlemektir. \u00d6\u011frencilerin \u00f6z g\u00fcvenlerini, \u00f6z denetimlerini geli\u015ftirmesini sa\u011flamak onlara ayn\u0131 zamanda \u00f6\u011frenmeyi \u00f6\u011frenmenin yollar\u0131n\u0131 a\u00e7acakt\u0131r. Bu nedenle \u00f6z de\u011ferlendirme, [&hellip;]<\/p>\n","protected":false},"author":1,"featured_media":0,"parent":0,"menu_order":0,"comment_status":"closed","ping_status":"closed","template":"","meta":[],"_links":{"self":[{"href":"https:\/\/ilkweb.bilkent.edu.tr\/index.php\/wp-json\/wp\/v2\/pages\/363"}],"collection":[{"href":"https:\/\/ilkweb.bilkent.edu.tr\/index.php\/wp-json\/wp\/v2\/pages"}],"about":[{"href":"https:\/\/ilkweb.bilkent.edu.tr\/index.php\/wp-json\/wp\/v2\/types\/page"}],"author":[{"embeddable":true,"href":"https:\/\/ilkweb.bilkent.edu.tr\/index.php\/wp-json\/wp\/v2\/users\/1"}],"replies":[{"embeddable":true,"href":"https:\/\/ilkweb.bilkent.edu.tr\/index.php\/wp-json\/wp\/v2\/comments?post=363"}],"version-history":[{"count":1,"href":"https:\/\/ilkweb.bilkent.edu.tr\/index.php\/wp-json\/wp\/v2\/pages\/363\/revisions"}],"predecessor-version":[{"id":364,"href":"https:\/\/ilkweb.bilkent.edu.tr\/index.php\/wp-json\/wp\/v2\/pages\/363\/revisions\/364"}],"wp:attachment":[{"href":"https:\/\/ilkweb.bilkent.edu.tr\/index.php\/wp-json\/wp\/v2\/media?parent=363"}],"curies":[{"name":"wp","href":"https:\/\/api.w.org\/{rel}","templated":true}]}}