{"id":361,"date":"2025-01-23T11:23:56","date_gmt":"2025-01-23T11:23:56","guid":{"rendered":"https:\/\/ilkweb.bilkent.edu.tr\/?page_id=361"},"modified":"2025-01-23T11:23:56","modified_gmt":"2025-01-23T11:23:56","slug":"yontem-ve-tekniklerimiz-10","status":"publish","type":"page","link":"https:\/\/ilkweb.bilkent.edu.tr\/index.php\/yontem-ve-tekniklerimiz-10\/","title":{"rendered":"Y\u00f6ntem ve Tekniklerimiz"},"content":{"rendered":"<p>M\u00fczik dersinde, \u00fcnitelerdeki kazan\u0131mlarla ba\u011flant\u0131l\u0131 olarak; deneyerek, yaparak, ya\u015fayarak, i\u00e7selle\u015ftirerek \u00f6\u011frenmeyi esas alan e\u011fitim modellerini kullan\u0131r\u0131z.<\/p>\n<p>Bu s\u00fcre\u00e7te kulland\u0131\u011f\u0131m\u0131z y\u00f6ntemler;<\/p>\n<p>Anlat\u0131m, g\u00f6steri, problem \u00e7\u00f6zme, proje, beyin f\u0131rt\u0131nas\u0131, rol yapma, tart\u0131\u015fma, \u00f6rnek-olay y\u00f6ntemi, ara\u015ft\u0131rma, soru-cevap, g\u00f6sterip yapt\u0131rma, analiz-sentez, g\u00f6r\u00fc\u015fme, uygulama, g\u00f6zlem ve inceleme, gezi g\u00f6zlem y\u00f6ntemi (m\u00fcze gezisi, bestecilerin foto\u011fraf sergileri, konserler-dinleti,opera bale,m\u00fczikal,tiyatro), bulmaca, drama ve bilginin payla\u015f\u0131lmas\u0131.<\/p>\n<p>Kulland\u0131\u011f\u0131m\u0131z teknikler ve e\u011fitim materyalleri;<\/p>\n<p>Piyano, suzuki, orff \u00e7alg\u0131lar\u0131,<\/p>\n<p>\u00c7al\u0131\u015fmalarda ses sistemi, \u00e7e\u015fitli m\u00fczik kitaplar\u0131, nota defteri, m\u00fczik simgeleri olan boyama kitaplar\u0131, sticker, tabu, puzzle,dijital teknoloji sistemleri (bilgisayar,projeksiyon)<\/p>\n<p>\u00d6\u011frencilerimizin ya\u015f seviyelerine uygun olarak; kuramsal m\u00fczik bilgilerini (beste, besteci, d\u00f6nemler, bestecilerin eserlerini inceleme, sanat tarihi) sanat\u0131n ilke ve elemanlar\u0131n\u0131 tan\u0131tmak ve ipu\u00e7lar\u0131n\u0131 sorgulayarak ke\u015ffetmelerini sa\u011flamakt\u0131r.<\/p>\n","protected":false},"excerpt":{"rendered":"<p>M\u00fczik dersinde, \u00fcnitelerdeki kazan\u0131mlarla ba\u011flant\u0131l\u0131 olarak; deneyerek, yaparak, ya\u015fayarak, i\u00e7selle\u015ftirerek \u00f6\u011frenmeyi esas alan e\u011fitim modellerini kullan\u0131r\u0131z. Bu s\u00fcre\u00e7te kulland\u0131\u011f\u0131m\u0131z y\u00f6ntemler; Anlat\u0131m, g\u00f6steri, problem \u00e7\u00f6zme, proje, beyin f\u0131rt\u0131nas\u0131, rol yapma, tart\u0131\u015fma, [&hellip;]<\/p>\n","protected":false},"author":1,"featured_media":0,"parent":0,"menu_order":0,"comment_status":"closed","ping_status":"closed","template":"","meta":[],"_links":{"self":[{"href":"https:\/\/ilkweb.bilkent.edu.tr\/index.php\/wp-json\/wp\/v2\/pages\/361"}],"collection":[{"href":"https:\/\/ilkweb.bilkent.edu.tr\/index.php\/wp-json\/wp\/v2\/pages"}],"about":[{"href":"https:\/\/ilkweb.bilkent.edu.tr\/index.php\/wp-json\/wp\/v2\/types\/page"}],"author":[{"embeddable":true,"href":"https:\/\/ilkweb.bilkent.edu.tr\/index.php\/wp-json\/wp\/v2\/users\/1"}],"replies":[{"embeddable":true,"href":"https:\/\/ilkweb.bilkent.edu.tr\/index.php\/wp-json\/wp\/v2\/comments?post=361"}],"version-history":[{"count":1,"href":"https:\/\/ilkweb.bilkent.edu.tr\/index.php\/wp-json\/wp\/v2\/pages\/361\/revisions"}],"predecessor-version":[{"id":362,"href":"https:\/\/ilkweb.bilkent.edu.tr\/index.php\/wp-json\/wp\/v2\/pages\/361\/revisions\/362"}],"wp:attachment":[{"href":"https:\/\/ilkweb.bilkent.edu.tr\/index.php\/wp-json\/wp\/v2\/media?parent=361"}],"curies":[{"name":"wp","href":"https:\/\/api.w.org\/{rel}","templated":true}]}}