{"id":359,"date":"2025-01-23T11:23:27","date_gmt":"2025-01-23T11:23:27","guid":{"rendered":"https:\/\/ilkweb.bilkent.edu.tr\/?page_id=359"},"modified":"2025-01-23T11:23:27","modified_gmt":"2025-01-23T11:23:27","slug":"hedeflerimiz-10","status":"publish","type":"page","link":"https:\/\/ilkweb.bilkent.edu.tr\/index.php\/hedeflerimiz-10\/","title":{"rendered":"Hedeflerimiz"},"content":{"rendered":"<p>M\u00fczik b\u00f6l\u00fcm\u00fc olarak okulumuzun misyonunu ger\u00e7ekle\u015ftirmek amac\u0131yla;<br \/>\n\u00d6\u011frencilerimizin kavramsal anlay\u0131\u015f\u0131n temelini olu\u015fturan d\u00fc\u015f\u00fcnme, ara\u015ft\u0131rma, ileti\u015fim, \u00f6z y\u00f6netim ve sosyal becerilerle donat\u0131lm\u0131\u015f \u00f6\u011frenme ortamlar\u0131nda;<\/p>\n<ul>\n<li>Temel m\u00fczik becerilerini \u00f6\u011frenebilen,<br \/>\n\u2022 Sesin kayna\u011f\u0131n\u0131 ke\u015ffedebilen ve tan\u0131yabilen,<br \/>\n\u2022 M\u00fczik yaz\u0131, sembol ve terimlerini \u00f6\u011frenebilen,<br \/>\n\u2022 Birlikte \u015fark\u0131 s\u00f6yleyebilen ve \u015fark\u0131 da\u011farc\u0131\u011f\u0131n\u0131 geni\u015fletebilen,<br \/>\n\u2022 S\u00f6yledi\u011fi \u015fark\u0131lara d\u00fczenli ritim kal\u0131plar\u0131 kullanarak e\u015flik edebilen,<br \/>\n\u2022 \u0130ki sesli koro \u015fark\u0131lar\u0131n\u0131 ve kanonlar\u0131 s\u00f6yleyebilme becerisini kazanabilen,<br \/>\n\u2022 Grup ile birlikte m\u00fczik yapabilme becerilerini geli\u015ftirebilen,<br \/>\n\u2022 Basit m\u00fczik temalar\u0131 besteleyebilen ve teknolojiden yararlanabilen,<br \/>\n\u2022 Farkl\u0131 m\u00fczik tarzlar\u0131n\u0131n yan\u0131 s\u0131ra farkl\u0131 d\u00f6nemlere ve k\u00fclt\u00fcrlere ait m\u00fczik t\u00fcrleri hakk\u0131nda yorum yapabilen,<br \/>\n\u2022 \u00dcnl\u00fc yerel ve uluslararas\u0131 m\u00fczik insanlar\u0131n\u0131 tan\u0131yabilen,<br \/>\n\u2022 M\u00fczi\u011fin formlar\u0131 \u00fczerinde \u201cyarat\u0131c\u0131l\u0131k\u201d tutumunu kullanarak verilen bir m\u00fczik i\u00e7in s\u00f6z ve hareketler \u00fcretebilen,<br \/>\n\u2022 Farkl\u0131 m\u00fczik k\u00fclt\u00fcrlerine kar\u015f\u0131 \u2018\u2019A\u00e7\u0131k G\u00f6r\u00fc\u015fl\u00fc\u2019\u2019 olabilen<br \/>\n\u2022 Sanat\u0131n g\u00fcc\u00fcn\u00fc kavrayabilen ve m\u00fczik yoluyla ileti\u015fim becerilerini geli\u015ftirebilen,<br \/>\n\u2022 M\u00fczi\u011fi g\u00fcnl\u00fck hayatlar\u0131na adapte edebilen,<\/li>\n<\/ul>\n<p><strong>Teknolojiyi kullanarak m\u00fczik \u00e7al\u0131\u015fmalar\u0131 yapabilen,<\/strong><\/p>\n<p><strong>Online m\u00fczik e\u011fitimi s\u00fcre\u00e7lerine adapte olabilen,<\/strong><\/p>\n<p><strong>\u00c7evrim i\u00e7i ortamlarda m\u00fczik performanslar\u0131 sergilemekten \u015fevk duyan,<\/strong><\/p>\n<p>bireyler olarak yeti\u015fmesini sa\u011flamak hedefimizdir.<\/p>\n<p>&nbsp;<\/p>\n","protected":false},"excerpt":{"rendered":"<p>M\u00fczik b\u00f6l\u00fcm\u00fc olarak okulumuzun misyonunu ger\u00e7ekle\u015ftirmek amac\u0131yla; \u00d6\u011frencilerimizin kavramsal anlay\u0131\u015f\u0131n temelini olu\u015fturan d\u00fc\u015f\u00fcnme, ara\u015ft\u0131rma, ileti\u015fim, \u00f6z y\u00f6netim ve sosyal becerilerle donat\u0131lm\u0131\u015f \u00f6\u011frenme ortamlar\u0131nda; Temel m\u00fczik becerilerini \u00f6\u011frenebilen, \u2022 Sesin kayna\u011f\u0131n\u0131 [&hellip;]<\/p>\n","protected":false},"author":1,"featured_media":0,"parent":0,"menu_order":0,"comment_status":"closed","ping_status":"closed","template":"","meta":[],"_links":{"self":[{"href":"https:\/\/ilkweb.bilkent.edu.tr\/index.php\/wp-json\/wp\/v2\/pages\/359"}],"collection":[{"href":"https:\/\/ilkweb.bilkent.edu.tr\/index.php\/wp-json\/wp\/v2\/pages"}],"about":[{"href":"https:\/\/ilkweb.bilkent.edu.tr\/index.php\/wp-json\/wp\/v2\/types\/page"}],"author":[{"embeddable":true,"href":"https:\/\/ilkweb.bilkent.edu.tr\/index.php\/wp-json\/wp\/v2\/users\/1"}],"replies":[{"embeddable":true,"href":"https:\/\/ilkweb.bilkent.edu.tr\/index.php\/wp-json\/wp\/v2\/comments?post=359"}],"version-history":[{"count":1,"href":"https:\/\/ilkweb.bilkent.edu.tr\/index.php\/wp-json\/wp\/v2\/pages\/359\/revisions"}],"predecessor-version":[{"id":360,"href":"https:\/\/ilkweb.bilkent.edu.tr\/index.php\/wp-json\/wp\/v2\/pages\/359\/revisions\/360"}],"wp:attachment":[{"href":"https:\/\/ilkweb.bilkent.edu.tr\/index.php\/wp-json\/wp\/v2\/media?parent=359"}],"curies":[{"name":"wp","href":"https:\/\/api.w.org\/{rel}","templated":true}]}}