{"id":338,"date":"2025-01-22T12:21:02","date_gmt":"2025-01-22T12:21:02","guid":{"rendered":"https:\/\/ilkweb.bilkent.edu.tr\/?page_id=338"},"modified":"2025-01-22T12:21:02","modified_gmt":"2025-01-22T12:21:02","slug":"hedeflerimiz-8","status":"publish","type":"page","link":"https:\/\/ilkweb.bilkent.edu.tr\/index.php\/hedeflerimiz-8\/","title":{"rendered":"Hedeflerimiz"},"content":{"rendered":"<p>Okulumuzun misyonunu desteklemek amac\u0131yla \u0130ngilizce Z\u00fcmresi, \u00f6\u011frencilerin sosyal, ileti\u015fim, d\u00fc\u015f\u00fcnme, ara\u015ft\u0131rma ve \u00f6zy\u00f6netim yeteneklerinin dengeli bir \u015fekilde geli\u015fimini destekleyen ya\u015fa uygun bir \u00f6\u011frenme ortam\u0131 sa\u011flamay\u0131 ve \u00f6\u011frencilerin bireysel \u00f6\u011frenme ihtiya\u00e7lar\u0131na duyarl\u0131l\u0131\u011f\u0131 geli\u015ftirmeyi hedefler ki \u00f6\u011frenciler a\u015fa\u011f\u0131da belirtilen becerileri yapabilsin:<\/p>\n<p>D\u00fc\u015f\u00fcnme Becerisi:<br \/>\n\u2022 \u0130ngilizce\u2019de yeni bilgi ve fikirler edinmek<br \/>\n\u2022 ele\u015ftirel d\u00fc\u015f\u00fcnmek<\/p>\n<p>Sosyal Beceri:<br \/>\n\u2022 grup i\u00e7erisinde kendine ve ba\u015fkalar\u0131na i\u015fbirli\u011fi ve fedakarl\u0131k arac\u0131l\u0131\u011f\u0131yla sayg\u0131 g\u00f6stererek verimli bir \u015fekilde \u00e7al\u0131\u015fmak<br \/>\n\u2022 grup i\u00e7erisinde farkl\u0131 roller \u00fcstlenmek<br \/>\n\u2022 kendi ve gruplar\u0131n\u0131n davran\u0131\u015flar\u0131 i\u00e7in sorumluluk kabul etmek<\/p>\n<p>\u0130leti\u015fim Becerisi:<br \/>\n\u2022 dinleme, konu\u015fma, yazma, g\u00f6zlem, sunum ve s\u00f6zel olmayan ileti\u015fim becerilerini kullanmak<br \/>\n\u2022 s\u00fcrekli geli\u015fimlerine olumlu katk\u0131da bulunmak i\u00e7in t\u00fcm geri d\u00f6n\u00fctlerden faydalanmak<\/p>\n<p>\u00d6zdenetim Becerisi:<br \/>\n\u2022 kendi kendine, ba\u011f\u0131ms\u0131z \u00e7al\u0131\u015fmak<br \/>\n\u2022 kendi \u00f6\u011frenme ve ya\u015fam bi\u00e7imleri ile ilgili bilin\u00e7li se\u00e7imler yapmak<br \/>\n\u2022 kendilerini d\u00fczenleme ve zaman\u0131 etkili bi\u00e7imde kullanmak<\/p>\n<p>Ara\u015ft\u0131rma Becerisi:<br \/>\n\u2022 soru sorma, g\u00f6zlem yapma, planlama, verileri kullanma ve yorumlama, bulduklar\u0131n\u0131 \u0130ngilizce sunmak<\/p>\n","protected":false},"excerpt":{"rendered":"<p>Okulumuzun misyonunu desteklemek amac\u0131yla \u0130ngilizce Z\u00fcmresi, \u00f6\u011frencilerin sosyal, ileti\u015fim, d\u00fc\u015f\u00fcnme, ara\u015ft\u0131rma ve \u00f6zy\u00f6netim yeteneklerinin dengeli bir \u015fekilde geli\u015fimini destekleyen ya\u015fa uygun bir \u00f6\u011frenme ortam\u0131 sa\u011flamay\u0131 ve \u00f6\u011frencilerin bireysel \u00f6\u011frenme ihtiya\u00e7lar\u0131na [&hellip;]<\/p>\n","protected":false},"author":1,"featured_media":0,"parent":0,"menu_order":0,"comment_status":"closed","ping_status":"closed","template":"","meta":[],"_links":{"self":[{"href":"https:\/\/ilkweb.bilkent.edu.tr\/index.php\/wp-json\/wp\/v2\/pages\/338"}],"collection":[{"href":"https:\/\/ilkweb.bilkent.edu.tr\/index.php\/wp-json\/wp\/v2\/pages"}],"about":[{"href":"https:\/\/ilkweb.bilkent.edu.tr\/index.php\/wp-json\/wp\/v2\/types\/page"}],"author":[{"embeddable":true,"href":"https:\/\/ilkweb.bilkent.edu.tr\/index.php\/wp-json\/wp\/v2\/users\/1"}],"replies":[{"embeddable":true,"href":"https:\/\/ilkweb.bilkent.edu.tr\/index.php\/wp-json\/wp\/v2\/comments?post=338"}],"version-history":[{"count":1,"href":"https:\/\/ilkweb.bilkent.edu.tr\/index.php\/wp-json\/wp\/v2\/pages\/338\/revisions"}],"predecessor-version":[{"id":339,"href":"https:\/\/ilkweb.bilkent.edu.tr\/index.php\/wp-json\/wp\/v2\/pages\/338\/revisions\/339"}],"wp:attachment":[{"href":"https:\/\/ilkweb.bilkent.edu.tr\/index.php\/wp-json\/wp\/v2\/media?parent=338"}],"curies":[{"name":"wp","href":"https:\/\/api.w.org\/{rel}","templated":true}]}}