{"id":29,"date":"2023-07-08T05:15:36","date_gmt":"2023-07-08T05:15:36","guid":{"rendered":"https:\/\/ilkweb.bilkent.edu.tr\/?page_id=29"},"modified":"2025-01-20T10:24:20","modified_gmt":"2025-01-20T10:24:20","slug":"program-gelistirme","status":"publish","type":"page","link":"https:\/\/ilkweb.bilkent.edu.tr\/index.php\/program-gelistirme\/","title":{"rendered":"Program Geli\u015ftirme"},"content":{"rendered":"<p align=\"center\"><img decoding=\"async\" src=\"..\/..\/images\/gulsen.jpg\" width=\"400\" \/><br \/>\n<span style=\"font-weight: bolder;\">G\u00fcl\u015fen \u00c7\u0130\u00c7EK KESK\u0130NSOY<\/span><br \/>\nE-Posta: <a href=\"mailto:cicek@bilkent.edu.tr\">cicek@bilkent.edu.tr<\/a><br \/>\nTel: 290 83 32<\/p>\n<p>G\u00fcl\u015fen \u00c7i\u00e7ek Keskinsoy, okulumuzun Program Geli\u015ftirme Uzman\u0131 ve IBPYP Koordinat\u00f6r\u00fc olarak okula ba\u015flang\u0131\u00e7tan 4. s\u0131n\u0131fa kadar t\u00fcm s\u0131n\u0131flarda, okulun sorgulama program\u0131n\u0131n PYP m\u00fcfredat \u00e7er\u00e7evesinin ama\u00e7lar\u0131n\u0131 yans\u0131tacak ve IB \u00f6\u011frenen profilinin benimsenmesini sa\u011flayacak \u015fekilde geli\u015ftirilmesinden ve izlenmesinden sorumludur.<\/p>\n<p>Okulun PYP yetkilendirme ve de\u011ferlendirme s\u00fcrecinin ba\u015far\u0131l\u0131 bir \u015fekilde y\u00fcr\u00fct\u00fclmesi ve izlenmesinin yan\u0131 s\u0131ra; bu ama\u00e7lara y\u00f6nelik olarak gereksinim duyulan insan kaynaklar\u0131n\u0131n, maddi kaynaklar\u0131n olu\u015fturulmas\u0131 ve kullan\u0131lmas\u0131n\u0131 sa\u011flar ve IB yaz\u0131\u015fmalar\u0131n\u0131 y\u00fcr\u00fct\u00fcr.<\/p>\n<p>\u00dcnitelerin planlanmas\u0131ndan de\u011ferlendirilmesine, \u00f6\u011frenme ortamlar\u0131n\u0131n etkilili\u011fi ve IB standartlar\u0131n\u0131n yerle\u015ftirilmesi y\u00f6n\u00fcnde yap\u0131lan t\u00fcm \u00e7al\u0131\u015fmalara destek verir ve uygulamalar\u0131 izler. Hedeflerde kaydedilen ilerleme konusunda d\u00f6n\u00fc\u015f\u00fcml\u00fc d\u00fc\u015f\u00fcnmenin bir par\u00e7as\u0131 olarak okul m\u00fcd\u00fcr\u00fc ve genel koordinat\u00f6re d\u00fczenli olarak rapor verir.<\/p>\n","protected":false},"excerpt":{"rendered":"<p>G\u00fcl\u015fen \u00c7\u0130\u00c7EK KESK\u0130NSOY E-Posta: cicek@bilkent.edu.tr Tel: 290 83 32 G\u00fcl\u015fen \u00c7i\u00e7ek Keskinsoy, okulumuzun Program Geli\u015ftirme Uzman\u0131 ve IBPYP Koordinat\u00f6r\u00fc olarak okula ba\u015flang\u0131\u00e7tan 4. s\u0131n\u0131fa kadar t\u00fcm s\u0131n\u0131flarda, okulun sorgulama program\u0131n\u0131n [&hellip;]<\/p>\n","protected":false},"author":1,"featured_media":0,"parent":0,"menu_order":0,"comment_status":"closed","ping_status":"closed","template":"","meta":[],"_links":{"self":[{"href":"https:\/\/ilkweb.bilkent.edu.tr\/index.php\/wp-json\/wp\/v2\/pages\/29"}],"collection":[{"href":"https:\/\/ilkweb.bilkent.edu.tr\/index.php\/wp-json\/wp\/v2\/pages"}],"about":[{"href":"https:\/\/ilkweb.bilkent.edu.tr\/index.php\/wp-json\/wp\/v2\/types\/page"}],"author":[{"embeddable":true,"href":"https:\/\/ilkweb.bilkent.edu.tr\/index.php\/wp-json\/wp\/v2\/users\/1"}],"replies":[{"embeddable":true,"href":"https:\/\/ilkweb.bilkent.edu.tr\/index.php\/wp-json\/wp\/v2\/comments?post=29"}],"version-history":[{"count":2,"href":"https:\/\/ilkweb.bilkent.edu.tr\/index.php\/wp-json\/wp\/v2\/pages\/29\/revisions"}],"predecessor-version":[{"id":188,"href":"https:\/\/ilkweb.bilkent.edu.tr\/index.php\/wp-json\/wp\/v2\/pages\/29\/revisions\/188"}],"wp:attachment":[{"href":"https:\/\/ilkweb.bilkent.edu.tr\/index.php\/wp-json\/wp\/v2\/media?parent=29"}],"curies":[{"name":"wp","href":"https:\/\/api.w.org\/{rel}","templated":true}]}}