{"id":271,"date":"2025-01-22T09:34:56","date_gmt":"2025-01-22T09:34:56","guid":{"rendered":"https:\/\/ilkweb.bilkent.edu.tr\/?page_id=271"},"modified":"2025-01-22T09:34:56","modified_gmt":"2025-01-22T09:34:56","slug":"hedeflerimiz-2","status":"publish","type":"page","link":"https:\/\/ilkweb.bilkent.edu.tr\/index.php\/hedeflerimiz-2\/","title":{"rendered":"Hedeflerimiz"},"content":{"rendered":"<p>Okul \u00d6ncesi Z\u00fcmresi olarak okulumuzun misyonunu ger\u00e7ekle\u015ftirmek amac\u0131yla; \u00f6\u011frencilerimizin kavramsal anlay\u0131\u015f\u0131n temelini olu\u015fturan d\u00fc\u015f\u00fcnme, ara\u015ft\u0131rma, ileti\u015fim, \u00f6z y\u00f6netim ve sosyal becerilerle donat\u0131lm\u0131\u015f \u00f6\u011frenme ortamlar\u0131nda:<\/p>\n<p>\u2022 Kendileri, arkada\u015flar\u0131, aileleri ve yak\u0131n \u00e7evreleri \u00fczerinde odaklanarak insanlar ve ya\u015famlar\u0131 hakk\u0131nda bilgi edinebilen,<br \/>\n\u2022 Etkili ileti\u015fim kurmak i\u00e7in dinlemenin ve konu\u015fman\u0131n de\u011ferini anlayabilen,<br \/>\n\u2022 Konu\u015fmak i\u00e7in s\u0131ras\u0131n\u0131 bekleyebilen, kendini a\u00e7\u0131k ve anla\u015f\u0131labilir c\u00fcmlelerle ifade edebilen,<br \/>\n\u2022 Duygular\u0131 hakk\u0131nda konu\u015fabilen, ba\u015fkalar\u0131n\u0131n duygular\u0131n\u0131 anlayabilen,<br \/>\n\u2022 Kurallar\u0131 bilmenin ve rutin olarak uygulaman\u0131n \u00f6nemini bilen,<br \/>\n\u2022 Bir grubun ya da ekibin par\u00e7as\u0131 olabilmek i\u00e7in i\u015fbirlik\u00e7i davran\u0131\u015flar geli\u015ftirebilen,<br \/>\n\u2022 Di\u011fer canl\u0131lara ve do\u011faya kar\u015f\u0131 ilgi g\u00f6steren ve sayg\u0131 duyabilen,<br \/>\n\u2022 Bedenini korumak i\u00e7in gerekli \u00f6nlemleri alabilen,<br \/>\n\u2022 Seslerin nesnelerle ya da onlar\u0131n sembolik temsilcileriyle ba\u011flant\u0131l\u0131 oldu\u011funu fark edebilen,<br \/>\n\u2022 Bilgi toplamak ve kaydetmek i\u00e7in duyular\u0131n\u0131 kullanarak g\u00f6zlem yapabilen<\/p>\n<p>bireyler olarak yeti\u015fmesini sa\u011flamak hedefimizdir.<\/p>\n","protected":false},"excerpt":{"rendered":"<p>Okul \u00d6ncesi Z\u00fcmresi olarak okulumuzun misyonunu ger\u00e7ekle\u015ftirmek amac\u0131yla; \u00f6\u011frencilerimizin kavramsal anlay\u0131\u015f\u0131n temelini olu\u015fturan d\u00fc\u015f\u00fcnme, ara\u015ft\u0131rma, ileti\u015fim, \u00f6z y\u00f6netim ve sosyal becerilerle donat\u0131lm\u0131\u015f \u00f6\u011frenme ortamlar\u0131nda: \u2022 Kendileri, arkada\u015flar\u0131, aileleri ve yak\u0131n [&hellip;]<\/p>\n","protected":false},"author":1,"featured_media":0,"parent":0,"menu_order":0,"comment_status":"closed","ping_status":"closed","template":"","meta":[],"_links":{"self":[{"href":"https:\/\/ilkweb.bilkent.edu.tr\/index.php\/wp-json\/wp\/v2\/pages\/271"}],"collection":[{"href":"https:\/\/ilkweb.bilkent.edu.tr\/index.php\/wp-json\/wp\/v2\/pages"}],"about":[{"href":"https:\/\/ilkweb.bilkent.edu.tr\/index.php\/wp-json\/wp\/v2\/types\/page"}],"author":[{"embeddable":true,"href":"https:\/\/ilkweb.bilkent.edu.tr\/index.php\/wp-json\/wp\/v2\/users\/1"}],"replies":[{"embeddable":true,"href":"https:\/\/ilkweb.bilkent.edu.tr\/index.php\/wp-json\/wp\/v2\/comments?post=271"}],"version-history":[{"count":1,"href":"https:\/\/ilkweb.bilkent.edu.tr\/index.php\/wp-json\/wp\/v2\/pages\/271\/revisions"}],"predecessor-version":[{"id":272,"href":"https:\/\/ilkweb.bilkent.edu.tr\/index.php\/wp-json\/wp\/v2\/pages\/271\/revisions\/272"}],"wp:attachment":[{"href":"https:\/\/ilkweb.bilkent.edu.tr\/index.php\/wp-json\/wp\/v2\/media?parent=271"}],"curies":[{"name":"wp","href":"https:\/\/api.w.org\/{rel}","templated":true}]}}