{"id":176,"date":"2025-01-20T09:24:37","date_gmt":"2025-01-20T09:24:37","guid":{"rendered":"https:\/\/ilkweb.bilkent.edu.tr\/?page_id=176"},"modified":"2025-01-20T09:24:37","modified_gmt":"2025-01-20T09:24:37","slug":"iletisim","status":"publish","type":"page","link":"https:\/\/ilkweb.bilkent.edu.tr\/index.php\/iletisim\/","title":{"rendered":"\u0130leti\u015fim"},"content":{"rendered":"<p>  <font style=\"font-style:italic; font-weight:bolder\">SAYIN VEL\u0130LER\u0130M\u0130Z,<\/font><\/p>\n<p>             Okul Aile Birli\u011fi olarak okulumuzun velileri aras\u0131ndan se\u00e7ilerek g\u00f6n\u00fcll\u00fcl\u00fck esas\u0131na dayanarak \u00e7al\u0131\u015fmalar\u0131m\u0131z\u0131 s\u00fcrd\u00fcr\u00fcyoruz.<br \/>\n             Bizlerle birlikte \u00e7al\u0131\u015fmak isteyen t\u00fcm velilerimize Okul Aile Birli\u011fi\u2019 nin \u00e7ocuklar\u0131m\u0131z\u0131n bireysel problemlerini \u00e7\u00f6zme, kendi \u00e7ocuklar\u0131m\u0131z \u00f6zelinde ya\u015fananlar\u0131 okul y\u00f6netimine aktarma platformu olmad\u0131\u011f\u0131n\u0131, aksine; t\u00fcm okulu ve geneli ilgilendiren durumlarla ilgilendi\u011fimiz ve \u00e7ocuklar\u0131m\u0131z\u0131n t\u00fcm\u00fcn\u00fcn ortak \u00e7\u0131kar\u0131 i\u00e7in \u00e7al\u0131\u015fan bir birim oldu\u011funu hat\u0131rlatmak isteriz.  <\/p>\n<p>             OAB etkinlikleri, g\u00f6n\u00fcll\u00fc \u00e7al\u0131\u015fmaya dayan\u0131yor. Zaman\u0131m\u0131z\u0131 ve eme\u011fimizi vermek \u00fczere g\u00f6n\u00fcll\u00fc olmay\u0131, \u00e7ocuklar\u0131m\u0131z\u0131n e\u011fitimine katk\u0131da bulunma yolu olarak g\u00f6r\u00fcyoruz.<\/p>\n<p>             Okul genelini ilgilendirdi\u011fini d\u00fc\u015f\u00fcnd\u00fc\u011f\u00fcn\u00fcz konular olursa ve bunu OAB platformunda g\u00fcndeme getirmeyi arzu ederseniz, ekteki \u201cVeli G\u00f6r\u00fc\u015f ve \u00d6neri Formu\u201d nu doldurarak a\u015fa\u011f\u0131daki ileti\u015fim adresine mail atabilir veya koordinat\u00f6r velilerimiz kanal\u0131yla bizlere ula\u015ft\u0131rabilirsiniz.<\/p>\n<p>             Sayg\u0131lar\u0131m\u0131zla, <br \/>\n             26.D\u00f6nem Okul Aile Birli\u011fi Y\u00f6netim Kurulu Ba\u015fkanl\u0131\u011f\u0131<\/p>\n<p>  <font style=\"font-weight:bolder\">OAB ileti\u015fim adresi :<\/font> <a href=\"mailto:oabilk@bilkent.edu.tr\">oabilk@bilkent.edu.tr<\/a><br \/>\n             <!--VEL\u0130 G\u00d6R\u00dc\u015e VE \u00d6NER\u0130 FORMU i\u00e7in <a href=\"..\/formlar\/oabveligorus.pdf\" target=\"_blank\" rel=\"noopener\">TIKLAYINIZ...<\/a>-->\n           <\/p>\n","protected":false},"excerpt":{"rendered":"<p>SAYIN VEL\u0130LER\u0130M\u0130Z, Okul Aile Birli\u011fi olarak okulumuzun velileri aras\u0131ndan se\u00e7ilerek g\u00f6n\u00fcll\u00fcl\u00fck esas\u0131na dayanarak \u00e7al\u0131\u015fmalar\u0131m\u0131z\u0131 s\u00fcrd\u00fcr\u00fcyoruz. Bizlerle birlikte \u00e7al\u0131\u015fmak isteyen t\u00fcm velilerimize Okul Aile Birli\u011fi\u2019 nin \u00e7ocuklar\u0131m\u0131z\u0131n bireysel problemlerini \u00e7\u00f6zme, kendi [&hellip;]<\/p>\n","protected":false},"author":1,"featured_media":0,"parent":0,"menu_order":0,"comment_status":"closed","ping_status":"closed","template":"","meta":[],"_links":{"self":[{"href":"https:\/\/ilkweb.bilkent.edu.tr\/index.php\/wp-json\/wp\/v2\/pages\/176"}],"collection":[{"href":"https:\/\/ilkweb.bilkent.edu.tr\/index.php\/wp-json\/wp\/v2\/pages"}],"about":[{"href":"https:\/\/ilkweb.bilkent.edu.tr\/index.php\/wp-json\/wp\/v2\/types\/page"}],"author":[{"embeddable":true,"href":"https:\/\/ilkweb.bilkent.edu.tr\/index.php\/wp-json\/wp\/v2\/users\/1"}],"replies":[{"embeddable":true,"href":"https:\/\/ilkweb.bilkent.edu.tr\/index.php\/wp-json\/wp\/v2\/comments?post=176"}],"version-history":[{"count":1,"href":"https:\/\/ilkweb.bilkent.edu.tr\/index.php\/wp-json\/wp\/v2\/pages\/176\/revisions"}],"predecessor-version":[{"id":177,"href":"https:\/\/ilkweb.bilkent.edu.tr\/index.php\/wp-json\/wp\/v2\/pages\/176\/revisions\/177"}],"wp:attachment":[{"href":"https:\/\/ilkweb.bilkent.edu.tr\/index.php\/wp-json\/wp\/v2\/media?parent=176"}],"curies":[{"name":"wp","href":"https:\/\/api.w.org\/{rel}","templated":true}]}}