{"id":174,"date":"2025-01-20T09:23:20","date_gmt":"2025-01-20T09:23:20","guid":{"rendered":"https:\/\/ilkweb.bilkent.edu.tr\/?page_id=174"},"modified":"2025-01-20T10:02:41","modified_gmt":"2025-01-20T10:02:41","slug":"faaliyet-raporlari","status":"publish","type":"page","link":"https:\/\/ilkweb.bilkent.edu.tr\/index.php\/faaliyet-raporlari\/","title":{"rendered":"Faaliyet Raporlar\u0131"},"content":{"rendered":"<p><a href=\"..\/..\/forms\/OABTutanaklar\/FR25.pdf\" target=\"_blank\" rel=\"noopener\">25. D\u00f6nem Faaliyet Raporu<\/a><br \/>\n<a href=\"..\/..\/forms\/OABTutanaklar\/FR26.pdf\" target=\"_blank\" rel=\"noopener\">26. D\u00f6nem Faaliyet Raporu<\/a><br \/>\n<a href=\"..\/..\/forms\/OABTutanaklar\/FR27.pdf\" target=\"_blank\" rel=\"noopener\">27. D\u00f6nem Faaliyet Raporu<\/a><br \/>\n<a href=\"..\/..\/forms\/OABTutanaklar\/FR30.pdf\" target=\"_blank\" rel=\"noopener\">30. D\u00f6nem Faaliyet Raporu<\/a><br \/>\n<a href=\"..\/..\/forms\/OABTutanaklar\/FR31.pdf\" target=\"_blank\" rel=\"noopener\">31. D\u00f6nem Faaliyet Raporu<\/a><\/p>\n","protected":false},"excerpt":{"rendered":"<p>25. D\u00f6nem Faaliyet Raporu 26. D\u00f6nem Faaliyet Raporu 27. D\u00f6nem Faaliyet Raporu 30. D\u00f6nem Faaliyet Raporu 31. D\u00f6nem Faaliyet Raporu<\/p>\n","protected":false},"author":1,"featured_media":0,"parent":0,"menu_order":0,"comment_status":"closed","ping_status":"closed","template":"template-noright.php","meta":[],"_links":{"self":[{"href":"https:\/\/ilkweb.bilkent.edu.tr\/index.php\/wp-json\/wp\/v2\/pages\/174"}],"collection":[{"href":"https:\/\/ilkweb.bilkent.edu.tr\/index.php\/wp-json\/wp\/v2\/pages"}],"about":[{"href":"https:\/\/ilkweb.bilkent.edu.tr\/index.php\/wp-json\/wp\/v2\/types\/page"}],"author":[{"embeddable":true,"href":"https:\/\/ilkweb.bilkent.edu.tr\/index.php\/wp-json\/wp\/v2\/users\/1"}],"replies":[{"embeddable":true,"href":"https:\/\/ilkweb.bilkent.edu.tr\/index.php\/wp-json\/wp\/v2\/comments?post=174"}],"version-history":[{"count":1,"href":"https:\/\/ilkweb.bilkent.edu.tr\/index.php\/wp-json\/wp\/v2\/pages\/174\/revisions"}],"predecessor-version":[{"id":175,"href":"https:\/\/ilkweb.bilkent.edu.tr\/index.php\/wp-json\/wp\/v2\/pages\/174\/revisions\/175"}],"wp:attachment":[{"href":"https:\/\/ilkweb.bilkent.edu.tr\/index.php\/wp-json\/wp\/v2\/media?parent=174"}],"curies":[{"name":"wp","href":"https:\/\/api.w.org\/{rel}","templated":true}]}}