{"id":171,"date":"2025-01-20T09:13:49","date_gmt":"2025-01-20T09:13:49","guid":{"rendered":"https:\/\/ilkweb.bilkent.edu.tr\/?page_id=171"},"modified":"2026-02-25T17:26:32","modified_gmt":"2026-02-25T17:26:32","slug":"toplanti-tutanaklarimiz","status":"publish","type":"page","link":"https:\/\/ilkweb.bilkent.edu.tr\/index.php\/toplanti-tutanaklarimiz\/","title":{"rendered":"Toplant\u0131 Tutanaklar\u0131m\u0131z"},"content":{"rendered":"<p><a href=\"..\/..\/forms\/OABTutanaklar\/OABIlkokul25Subat2026.pdf\" target=\"_blank\" rel=\"noopener\">Yemekhane G\u00f6zlem Raporu 25.02.2026<\/a><\/p>\n<p><a href=\"..\/..\/forms\/OABTutanaklar\/OABIlkokul12Aralik2025.pdf\" target=\"_blank\" rel=\"noopener\">OAB Yemek Komitesi 12.12.2025<\/a><\/p>\n<p><a href=\"..\/..\/forms\/OABTutanaklar\/OABIlkokulAralik2025.pdf\" target=\"_blank\" rel=\"noopener\">Aral\u0131k 2025<\/a><\/p>\n<p><a href=\"..\/..\/forms\/OABTutanaklar\/OABIlkokulKasim2025.pdf\" target=\"_blank\" rel=\"noopener\">Kas\u0131m 2025<\/a><\/p>\n<p><a href=\"..\/..\/forms\/OABTutanaklar\/OABIlkokulEylul2022.pdf\" target=\"_blank\" rel=\"noopener\">Eylul 2022<\/a><\/p>\n<p><a href=\"..\/..\/forms\/OABTutanaklar\/OABIlkokulArsiv.html\" target=\"_blank\" rel=\"noopener\">AR\u015e\u0130V<\/a><\/p>\n","protected":false},"excerpt":{"rendered":"<p>Yemekhane G\u00f6zlem Raporu 25.02.2026 OAB Yemek Komitesi 12.12.2025 Aral\u0131k 2025 Kas\u0131m 2025 Eylul 2022 AR\u015e\u0130V<\/p>\n","protected":false},"author":1,"featured_media":0,"parent":0,"menu_order":0,"comment_status":"closed","ping_status":"closed","template":"","meta":[],"_links":{"self":[{"href":"https:\/\/ilkweb.bilkent.edu.tr\/index.php\/wp-json\/wp\/v2\/pages\/171"}],"collection":[{"href":"https:\/\/ilkweb.bilkent.edu.tr\/index.php\/wp-json\/wp\/v2\/pages"}],"about":[{"href":"https:\/\/ilkweb.bilkent.edu.tr\/index.php\/wp-json\/wp\/v2\/types\/page"}],"author":[{"embeddable":true,"href":"https:\/\/ilkweb.bilkent.edu.tr\/index.php\/wp-json\/wp\/v2\/users\/1"}],"replies":[{"embeddable":true,"href":"https:\/\/ilkweb.bilkent.edu.tr\/index.php\/wp-json\/wp\/v2\/comments?post=171"}],"version-history":[{"count":6,"href":"https:\/\/ilkweb.bilkent.edu.tr\/index.php\/wp-json\/wp\/v2\/pages\/171\/revisions"}],"predecessor-version":[{"id":634,"href":"https:\/\/ilkweb.bilkent.edu.tr\/index.php\/wp-json\/wp\/v2\/pages\/171\/revisions\/634"}],"wp:attachment":[{"href":"https:\/\/ilkweb.bilkent.edu.tr\/index.php\/wp-json\/wp\/v2\/media?parent=171"}],"curies":[{"name":"wp","href":"https:\/\/api.w.org\/{rel}","templated":true}]}}