{"id":17,"date":"2023-07-08T05:13:13","date_gmt":"2023-07-08T05:13:13","guid":{"rendered":"https:\/\/ilkweb.bilkent.edu.tr\/?page_id=17"},"modified":"2025-01-20T08:34:28","modified_gmt":"2025-01-20T08:34:28","slug":"okul-yonetimi","status":"publish","type":"page","link":"https:\/\/ilkweb.bilkent.edu.tr\/index.php\/okul-yonetimi\/","title":{"rendered":"Okul Y\u00f6netimi"},"content":{"rendered":"<table border=\"0\" width=\"700\" align=\"center\">\n<tbody>\n<tr>\n<td align=\"center\"><span style=\"font-weight: bolder; color: #cc6600;\">Dr.Aykut \u0130nan \u0130\u015eER\u0130<br \/>\nGenel Koordinat\u00f6r<\/span><\/td>\n<td align=\"center\"><\/td>\n<td align=\"center\"><span style=\"font-weight: bolder; color: #cc6600;\">Aysun GEMALMAYAN<br \/>\nOkul M\u00fcd\u00fcr\u00fc<\/span><\/td>\n<\/tr>\n<tr>\n<td align=\"center\">E-posta:<span style=\"font-weight: bolder; color: #069;\">\u00a0aiseri@bilkent.edu.tr<\/span><\/td>\n<td align=\"center\"><\/td>\n<td align=\"center\"><img decoding=\"async\" loading=\"lazy\" src=\"..\/..\/images\/aysungemalmayan.jpg\" width=\"230\" height=\"239\" \/><br \/>\nE-posta: <span style=\"font-weight: bolder; color: #069;\">gemalmayan@bilkent.edu.tr<\/span><\/td>\n<\/tr>\n<\/tbody>\n<\/table>\n<table border=\"0\" width=\"700\" align=\"center\">\n<tbody>\n<tr>\n<td align=\"center\"><span style=\"font-weight: bolder; color: #cc6600;\">Nursel UYAR DALKILI\u00c7<br \/>\nM\u00fcd\u00fcr Yard\u0131mc\u0131s\u0131(Okul \u00d6ncesi)<\/span><\/td>\n<td align=\"center\"><\/td>\n<td align=\"center\"><span style=\"font-weight: bolder; color: #cc6600;\">Sevsin Sinem ARAS<br \/>\nM\u00fcd\u00fcr Yard\u0131mc\u0131s\u0131(1-4. s\u0131n\u0131f)<\/span><\/td>\n<\/tr>\n<tr>\n<td align=\"center\"><img decoding=\"async\" loading=\"lazy\" src=\"..\/..\/images\/nurselud.jpg\" width=\"230\" height=\"239\" \/><br \/>\nE-posta:<span style=\"font-weight: bolder; color: #069;\"> udnursel@bilkent.edu.tr<\/span><\/td>\n<td align=\"center\"><\/td>\n<td align=\"center\"><img decoding=\"async\" loading=\"lazy\" src=\"..\/..\/images\/sevsin.jpg\" width=\"230\" height=\"239\" \/><br \/>\nE-posta: <span style=\"font-weight: bolder; color: #069;\">sevsin@bilkent.edu.tr<\/span><\/td>\n<\/tr>\n<\/tbody>\n<\/table>\n<p>&nbsp;<\/p>\n","protected":false},"excerpt":{"rendered":"<p>Dr.Aykut \u0130nan \u0130\u015eER\u0130 Genel Koordinat\u00f6r Aysun GEMALMAYAN Okul M\u00fcd\u00fcr\u00fc E-posta:\u00a0aiseri@bilkent.edu.tr E-posta: gemalmayan@bilkent.edu.tr Nursel UYAR DALKILI\u00c7 M\u00fcd\u00fcr Yard\u0131mc\u0131s\u0131(Okul \u00d6ncesi) Sevsin Sinem ARAS M\u00fcd\u00fcr Yard\u0131mc\u0131s\u0131(1-4. s\u0131n\u0131f) E-posta: udnursel@bilkent.edu.tr E-posta: sevsin@bilkent.edu.tr &nbsp;<\/p>\n","protected":false},"author":1,"featured_media":0,"parent":0,"menu_order":0,"comment_status":"closed","ping_status":"closed","template":"","meta":[],"_links":{"self":[{"href":"https:\/\/ilkweb.bilkent.edu.tr\/index.php\/wp-json\/wp\/v2\/pages\/17"}],"collection":[{"href":"https:\/\/ilkweb.bilkent.edu.tr\/index.php\/wp-json\/wp\/v2\/pages"}],"about":[{"href":"https:\/\/ilkweb.bilkent.edu.tr\/index.php\/wp-json\/wp\/v2\/types\/page"}],"author":[{"embeddable":true,"href":"https:\/\/ilkweb.bilkent.edu.tr\/index.php\/wp-json\/wp\/v2\/users\/1"}],"replies":[{"embeddable":true,"href":"https:\/\/ilkweb.bilkent.edu.tr\/index.php\/wp-json\/wp\/v2\/comments?post=17"}],"version-history":[{"count":2,"href":"https:\/\/ilkweb.bilkent.edu.tr\/index.php\/wp-json\/wp\/v2\/pages\/17\/revisions"}],"predecessor-version":[{"id":160,"href":"https:\/\/ilkweb.bilkent.edu.tr\/index.php\/wp-json\/wp\/v2\/pages\/17\/revisions\/160"}],"wp:attachment":[{"href":"https:\/\/ilkweb.bilkent.edu.tr\/index.php\/wp-json\/wp\/v2\/media?parent=17"}],"curies":[{"name":"wp","href":"https:\/\/api.w.org\/{rel}","templated":true}]}}