{"id":169,"date":"2025-01-20T09:09:39","date_gmt":"2025-01-20T09:09:39","guid":{"rendered":"https:\/\/ilkweb.bilkent.edu.tr\/?page_id=169"},"modified":"2025-01-20T09:09:39","modified_gmt":"2025-01-20T09:09:39","slug":"calisma-programi","status":"publish","type":"page","link":"https:\/\/ilkweb.bilkent.edu.tr\/index.php\/calisma-programi\/","title":{"rendered":"\u00c7al\u0131\u015fma Program\u0131"},"content":{"rendered":"<p><span style=\"font-weight: bolder;\">2024-2025 E\u011e\u0130T\u0130M YILI \u0130\u00c7\u0130N \u00c7ALI\u015eMA PROGRAMI<\/span><\/p>\n<p>\u2022 Okulumuza hizmet veren servis, yemek ve k\u0131yafet firmalar\u0131n\u0131, hizmet kalitesini \u00f6l\u00e7mek amac\u0131yla d\u00fczenli aral\u0131klarla denetlemek ve gerekti\u011finde firmalar\u0131n personellerine e\u011fitim vermek,<br \/>\n\u2022 S\u0131n\u0131f koordinat\u00f6r velileriyle s\u00fcrekli irtibatta bulunmak, toplant\u0131lara davet etmek<br \/>\n\u2022 Yard\u0131m talep eden okullar\u0131n isteklerini ger\u00e7ekle\u015ftirmeye \u00e7al\u0131\u015fmak,<br \/>\n\u2022 Olu\u015fturulan \u00e7al\u0131\u015fma komisyonlar\u0131n\u0131n d\u00fczenli aral\u0131klarla toplan\u0131p sorumluluklar\u0131n\u0131n gere\u011fini yapmalar\u0131n\u0131 sa\u011flamak,<br \/>\n\u2022 Geleneksel OAB takvim \u00e7al\u0131\u015fmalar\u0131n\u0131 yapmak,<br \/>\n\u2022 \u00d6\u011frenci meclisi ile yap\u0131lacak \u00e7al\u0131\u015fmalar\u0131 ba\u015flatmak,<br \/>\n\u2022 23 Nisan ve 19 May\u0131s t\u00f6renlerinde okulumuza gelecek \u00f6\u011frenci konuklarla ilgilenmek,<br \/>\n\u2022 May\u0131s veya Haziran Ay\u0131 i\u00e7erisinde Geleneksel D\u00f6ner G\u00fcn\u00fc d\u00fczenlemek,<br \/>\n\u2022 Okulumuzdaki s\u00f6yle\u015fi etkinliklerini zenginle\u015ftirmek ve \u00e7e\u015fitlendirmek.<\/p>\n","protected":false},"excerpt":{"rendered":"<p>2024-2025 E\u011e\u0130T\u0130M YILI \u0130\u00c7\u0130N \u00c7ALI\u015eMA PROGRAMI \u2022 Okulumuza hizmet veren servis, yemek ve k\u0131yafet firmalar\u0131n\u0131, hizmet kalitesini \u00f6l\u00e7mek amac\u0131yla d\u00fczenli aral\u0131klarla denetlemek ve gerekti\u011finde firmalar\u0131n personellerine e\u011fitim vermek, \u2022 S\u0131n\u0131f [&hellip;]<\/p>\n","protected":false},"author":1,"featured_media":0,"parent":0,"menu_order":0,"comment_status":"closed","ping_status":"closed","template":"","meta":[],"_links":{"self":[{"href":"https:\/\/ilkweb.bilkent.edu.tr\/index.php\/wp-json\/wp\/v2\/pages\/169"}],"collection":[{"href":"https:\/\/ilkweb.bilkent.edu.tr\/index.php\/wp-json\/wp\/v2\/pages"}],"about":[{"href":"https:\/\/ilkweb.bilkent.edu.tr\/index.php\/wp-json\/wp\/v2\/types\/page"}],"author":[{"embeddable":true,"href":"https:\/\/ilkweb.bilkent.edu.tr\/index.php\/wp-json\/wp\/v2\/users\/1"}],"replies":[{"embeddable":true,"href":"https:\/\/ilkweb.bilkent.edu.tr\/index.php\/wp-json\/wp\/v2\/comments?post=169"}],"version-history":[{"count":1,"href":"https:\/\/ilkweb.bilkent.edu.tr\/index.php\/wp-json\/wp\/v2\/pages\/169\/revisions"}],"predecessor-version":[{"id":170,"href":"https:\/\/ilkweb.bilkent.edu.tr\/index.php\/wp-json\/wp\/v2\/pages\/169\/revisions\/170"}],"wp:attachment":[{"href":"https:\/\/ilkweb.bilkent.edu.tr\/index.php\/wp-json\/wp\/v2\/media?parent=169"}],"curies":[{"name":"wp","href":"https:\/\/api.w.org\/{rel}","templated":true}]}}