{"id":167,"date":"2025-01-20T09:09:06","date_gmt":"2025-01-20T09:09:06","guid":{"rendered":"https:\/\/ilkweb.bilkent.edu.tr\/?page_id=167"},"modified":"2026-01-19T11:53:50","modified_gmt":"2026-01-19T11:53:50","slug":"komisyonlar-ve-misyonlar","status":"publish","type":"page","link":"https:\/\/ilkweb.bilkent.edu.tr\/index.php\/komisyonlar-ve-misyonlar\/","title":{"rendered":"Komisyonlar ve Misyonlar"},"content":{"rendered":"<p><span style=\"font-weight: bolder;\">OAB KOM\u0130SYONLARI VE M\u0130SYONLARI<\/span><\/p>\n<p>OAB\u2019nin kendi \u00fcyelerinden olu\u015fturdu\u011fu alt komisyonlar y\u0131l boyunca aktif olarak \u00e7al\u0131\u015f\u0131r:<\/p>\n<p><span style=\"font-weight: bolder;\">K\u0131yafet Komisyonu Misyonu<\/span><\/p>\n<p>Okul y\u00f6netiminin onay verdi\u011fi ve \u00f6\u011frencilerimizin kulland\u0131\u011f\u0131 her t\u00fcrl\u00fc okul k\u0131yafetlerinin m\u00fcmk\u00fcn olan en y\u00fcksek kalitede \u00fcretilmesini sa\u011flamak ve bunu yaparken de okul y\u00f6netimiyle birlikte \u00e7al\u0131\u015farak m\u00fcmk\u00fcn olan en makul fiyat seviyesini olu\u015fturmak. Firmadan al\u0131nan kuma\u015f \u00f6rneklerinin kimyasal analizlerini \u00fcretici firmadan al\u0131nan belgelerle kontrol etmek ve gerekirse numuneleri kimyasal kontrollere g\u00f6ndermek.<\/p>\n<p>\u00d6\u011frenci ve velilerimize firmaca sa\u011flanan hizmet standartlar\u0131n\u0131n y\u00fcksek tutuldu\u011funun ve m\u00fc\u015fteri memnuniyetlerinin sa\u011fland\u0131\u011f\u0131n\u0131n kontrol\u00fcn\u00fc yapmak.<\/p>\n<p><span style=\"font-weight: bolder;\">Sosyal Dayan\u0131\u015fma Komisyonu Misyonu<\/span><\/p>\n<p>Okulumuzun geli\u015ftirece\u011fi sosyal dayan\u0131\u015fma ve yard\u0131m projelerine ve okulumuza gelen yard\u0131m taleplerine destek i\u00e7in faaliyetlerde bulunmak. Maddi ve ayni yap\u0131lacak yard\u0131mlar\u0131n organize edilmesine destek vererek kaynak sa\u011flanmas\u0131na katk\u0131da bulunmak. Yap\u0131lan kampanyalarda okulumuzda toplanan yard\u0131mlar\u0131n ayr\u0131\u015ft\u0131r\u0131larak ihtiya\u00e7 sahiplerine g\u00f6nderilmesini sa\u011flamak.<\/p>\n<p><span style=\"font-weight: bolder;\">\u00d6zel G\u00fcnler Komisyonu Misyonu<\/span><\/p>\n<p>D\u00f6ner G\u00fcn\u00fc ve di\u011fer \u00f6nemli g\u00fcnlerin organize edilmesi konusunda taraflarla ileti\u015fime ge\u00e7erek organizasyon altyap\u0131 \u00e7al\u0131\u015fmalar\u0131na kat\u0131lmak. Okul y\u00f6netimi ile birlikte \u00e7al\u0131\u015farak organizasyonlar\u0131n en kaliteli ve amac\u0131na uygun bir \u015fekilde tamamlanmas\u0131na katk\u0131da bulunmak.<\/p>\n<p><span style=\"font-weight: bolder;\">Servis Komisyonu Misyonu<\/span><\/p>\n<p>S\u00f6zle\u015fme ile ta\u015f\u0131ma hizmeti veren firman\u0131n servis ara\u00e7lar\u0131n\u0131 y\u0131lda en az bir kere mevcut kontrol listesi \u00e7er\u00e7evesinde fiziken denetlemek; eksiklikleri firma y\u00f6neticileri ve okul y\u00f6netimi ile payla\u015farak h\u0131zla tamamlanmas\u0131n\u0131 sa\u011flamak.<\/p>\n<p>Firmaca \u00f6\u011frencilerimize sa\u011flanan hizmet standartlar\u0131n\u0131n y\u00fcksek tutuldu\u011funun ve m\u00fc\u015fteri memnuniyetlerinin sa\u011fland\u0131\u011f\u0131n\u0131n kontrol\u00fcn\u00fc s\u00fcrekli yapmak. D\u00fczenli aral\u0131klarla t\u00fcm servislerin uygunlu\u011funu kontrol etmek ve bu kontroller sonucunda ta\u015f\u0131y\u0131c\u0131 firma ile toplant\u0131lar yapmak.<\/p>\n<p><span style=\"font-weight: bolder;\">Akademik Komisyon Misyonu<\/span><\/p>\n<p>Okulumuzun e\u011fitim politikas\u0131n\u0131n olu\u015fmas\u0131na ve kurumsalla\u015fmas\u0131na katk\u0131 sa\u011flamak, akademik konularda okul idaresine ele\u015ftiri, \u00f6neri ve g\u00f6r\u00fc\u015f bildirmek, okulumuz e\u011fitiminin \u00fcst\u00fcn ve \u00f6rnek bir d\u00fczeye getirilmesi konusunda okul idaresine yard\u0131mlarda bulunmak.<\/p>\n<p>32.D\u00f6nem OAB Komisyonlar\u0131 i\u00e7in <a href=\"https:\/\/ilkweb.bilkent.edu.tr\/forms\/oabkomisyon.pdf\">TIKLAYINIZ.<\/a><\/p>\n","protected":false},"excerpt":{"rendered":"<p>OAB KOM\u0130SYONLARI VE M\u0130SYONLARI OAB\u2019nin kendi \u00fcyelerinden olu\u015fturdu\u011fu alt komisyonlar y\u0131l boyunca aktif olarak \u00e7al\u0131\u015f\u0131r: K\u0131yafet Komisyonu Misyonu Okul y\u00f6netiminin onay verdi\u011fi ve \u00f6\u011frencilerimizin kulland\u0131\u011f\u0131 her t\u00fcrl\u00fc okul k\u0131yafetlerinin m\u00fcmk\u00fcn [&hellip;]<\/p>\n","protected":false},"author":1,"featured_media":0,"parent":0,"menu_order":0,"comment_status":"closed","ping_status":"closed","template":"","meta":[],"_links":{"self":[{"href":"https:\/\/ilkweb.bilkent.edu.tr\/index.php\/wp-json\/wp\/v2\/pages\/167"}],"collection":[{"href":"https:\/\/ilkweb.bilkent.edu.tr\/index.php\/wp-json\/wp\/v2\/pages"}],"about":[{"href":"https:\/\/ilkweb.bilkent.edu.tr\/index.php\/wp-json\/wp\/v2\/types\/page"}],"author":[{"embeddable":true,"href":"https:\/\/ilkweb.bilkent.edu.tr\/index.php\/wp-json\/wp\/v2\/users\/1"}],"replies":[{"embeddable":true,"href":"https:\/\/ilkweb.bilkent.edu.tr\/index.php\/wp-json\/wp\/v2\/comments?post=167"}],"version-history":[{"count":2,"href":"https:\/\/ilkweb.bilkent.edu.tr\/index.php\/wp-json\/wp\/v2\/pages\/167\/revisions"}],"predecessor-version":[{"id":616,"href":"https:\/\/ilkweb.bilkent.edu.tr\/index.php\/wp-json\/wp\/v2\/pages\/167\/revisions\/616"}],"wp:attachment":[{"href":"https:\/\/ilkweb.bilkent.edu.tr\/index.php\/wp-json\/wp\/v2\/media?parent=167"}],"curies":[{"name":"wp","href":"https:\/\/api.w.org\/{rel}","templated":true}]}}