{"id":136,"date":"2025-01-11T12:31:14","date_gmt":"2025-01-11T12:31:14","guid":{"rendered":"https:\/\/ilkweb.bilkent.edu.tr\/?page_id=136"},"modified":"2025-01-11T12:31:14","modified_gmt":"2025-01-11T12:31:14","slug":"onemli-gunler","status":"publish","type":"page","link":"https:\/\/ilkweb.bilkent.edu.tr\/index.php\/onemli-gunler\/","title":{"rendered":"\u00d6nemli G\u00fcnler"},"content":{"rendered":"<div align=\"center\"><img decoding=\"async\" loading=\"lazy\" class=\"aligncenter wp-image-1523\" src=\"http:\/\/ilkweb.bilkent.edu.tr\/wp-content\/uploads\/2020\/09\/15temmuz.jpg\" alt=\"\" width=\"297\" height=\"235\" \/><a href=\"http:\/\/ilkweb.bilkent.edu.tr\/etkinlikler\/OnemliGunler\/Gazilergunu\/GazilerGunu.pps\"><img decoding=\"async\" src=\"http:\/\/ilkweb.bilkent.edu.tr\/etkinlikler\/OnemliGunler\/GazilerGunu\/GazilerGunu.jpg\" alt=\"\" height=\"150\" align=\"center\" \/><\/a><br \/>\n<a href=\"http:\/\/ilkweb.bilkent.edu.tr\/etkinlikler\/OnemliGunler\/IlkogretimHaftasi_\/IlkogretimHaftasi.ppsx\" target=\"new\" rel=\"noopener\"><img decoding=\"async\" src=\"http:\/\/ilkweb.bilkent.edu.tr\/etkinlikler\/OnemliGunler\/IlkogretimHaftasi_\/IlkogretimHaftasi.jpg\" alt=\"\" height=\"150\" align=\"center\" \/><\/a><a href=\"http:\/\/ilkweb.bilkent.edu.tr\/etkinlikler\/OnemliGunler\/HayvanlariKorumaGunu\/HKG.ppsx\" target=\"new\" rel=\"noopener\"><img decoding=\"async\" src=\"http:\/\/ilkweb.bilkent.edu.tr\/etkinlikler\/OnemliGunler\/HayvanlariKorumaGunu\/HKG.jpg\" height=\"150\" align=\"center\" \/><\/a><br \/>\n<a href=\"http:\/\/ilkweb.bilkent.edu.tr\/etkinlikler\/OnemliGunler\/AnkaraninBaskentOlusu\/AnkaraninBaskentOlusu.ppsx\" target=\"new\" rel=\"noopener\"><img decoding=\"async\" src=\"http:\/\/ilkweb.bilkent.edu.tr\/etkinlikler\/OnemliGunler\/AnkaraninBaskentOlusu\/AnkaraninBaskentOlusu.jpg\" height=\"150\" align=\"center\" \/><\/a><a href=\"http:\/\/ilkweb.bilkent.edu.tr\/etkinlikler\/OnemliGunler\/DunyaAfetGunu\/DunyaAfetGunu.ppsx\" target=\"new\" rel=\"noopener\"><img decoding=\"async\" src=\"http:\/\/ilkweb.bilkent.edu.tr\/etkinlikler\/OnemliGunler\/DunyaAfetGunu\/DunyaAfetGunu.jpg\" height=\"150\" align=\"center\" \/><\/a><br \/>\n<a href=\"http:\/\/ilkweb.bilkent.edu.tr\/etkinlikler\/OnemliGunler\/BirlesmisMilletlerGunu\/BirlesmisMilletlerGunu.ppsx\" target=\"new\" rel=\"noopener\"><img decoding=\"async\" src=\"http:\/\/ilkweb.bilkent.edu.tr\/etkinlikler\/OnemliGunler\/BirlesmisMilletlerGunu\/BirlesmisMilletlerGunu.jpg\" height=\"150\" align=\"center\" \/><\/a><a href=\"http:\/\/ilkweb.bilkent.edu.tr\/etkinlikler\/OnemliGunler\/KizilayHaftasi\/KizilayHaftasi.ppsx\" target=\"new\" rel=\"noopener\"><img decoding=\"async\" src=\"http:\/\/ilkweb.bilkent.edu.tr\/etkinlikler\/OnemliGunler\/KizilayHaftasi\/KizilayHaftasi.jpg\" height=\"150\" align=\"center\" \/><\/a><br \/>\n<a href=\"http:\/\/ilkweb.bilkent.edu.tr\/etkinlikler\/OnemliGunler\/LosemiliCocuklarHaftasi\/LosemiliCocuklarHaftasi.ppsx\" target=\"new\" rel=\"noopener\"><img decoding=\"async\" src=\"http:\/\/ilkweb.bilkent.edu.tr\/etkinlikler\/OnemliGunler\/LosemiliCocuklarHaftasi\/LosemiliCocuklarHaftasi.jpg\" height=\"200\" align=\"center\" \/><\/a><a href=\"http:\/\/ilkweb.bilkent.edu.tr\/etkinlikler\/OnemliGunler\/OrganNakli\/OrganNakli.ppsx\" target=\"new\" rel=\"noopener\"><img decoding=\"async\" src=\"https:\/\/ilkweb.bilkent.edu.tr\/etkinlikler\/OnemliGunler\/OrganNakli\/OrganNakli.jpg\" height=\"150\" align=\"center\" \/><\/a><br \/>\n<a href=\"http:\/\/ilkweb.bilkent.edu.tr\/etkinlikler\/OnemliGunler\/10Kasim\/10Kasim.ppsx\" target=\"new\" rel=\"noopener\"><img decoding=\"async\" src=\"http:\/\/ilkweb.bilkent.edu.tr\/etkinlikler\/OnemliGunler\/10Kasim\/10Kasim.jpg\" height=\"150\" align=\"center\" \/><\/a><a href=\"http:\/\/ilkweb.bilkent.edu.tr\/etkinlikler\/OnemliGunler\/Afet\/Afet.ppsx\" target=\"new\" rel=\"noopener\"><img decoding=\"async\" src=\"http:\/\/ilkweb.bilkent.edu.tr\/etkinlikler\/OnemliGunler\/Afet\/Afet.jpg\" height=\"150\" align=\"center\" \/><\/a><br \/>\n<a href=\"http:\/\/ilkweb.bilkent.edu.tr\/etkinlikler\/OnemliGunler\/Diyabet\/Diyabet.ppsx\" target=\"new\" rel=\"noopener\"><img decoding=\"async\" src=\"http:\/\/ilkweb.bilkent.edu.tr\/etkinlikler\/OnemliGunler\/Diyabet\/Diyabet.jpg\" height=\"150\" align=\"center\" \/><\/a><a href=\"https:\/\/ilkweb.bilkent.edu.tr\/etkinlikler\/OnemliGunler\/FelsefeGunu\/FelsefeGunu.ppsx\" target=\"new\" rel=\"noopener\"><img decoding=\"async\" src=\"http:\/\/ilkweb.bilkent.edu.tr\/etkinlikler\/OnemliGunler\/FelsefeGunu\/FelsefeGunu.jpg\" height=\"150\" align=\"center\" \/><\/a><br \/>\n<a href=\"http:\/\/ilkweb.bilkent.edu.tr\/etkinlikler\/OnemliGunler\/AgizveDisSagligi\/AgizveDisSagligi.ppsx\" target=\"new\" rel=\"noopener\"><img decoding=\"async\" src=\"http:\/\/ilkweb.bilkent.edu.tr\/etkinlikler\/OnemliGunler\/AgizveDisSagligi\/AgizveDisSagligi.jpg\" height=\"150\" align=\"center\" \/><\/a><a href=\"http:\/\/ilkweb.bilkent.edu.tr\/etkinlikler\/OnemliGunler\/OgretmenlerGunu\/OgretmenlerGunu.ppsx\" target=\"new\" rel=\"noopener\"><img decoding=\"async\" src=\"http:\/\/ilkweb.bilkent.edu.tr\/etkinlikler\/OnemliGunler\/OgretmenlerGunu\/OgretmenlerGunu.jpg\" height=\"150\" align=\"center\" \/><\/a><br \/>\n<a href=\"http:\/\/ilkweb.bilkent.edu.tr\/etkinlikler\/OnemliGunler\/DunyaEngellilerGun\/DunyaEngellilerGunu.ppsx\" target=\"new\" rel=\"noopener\"><img decoding=\"async\" src=\"http:\/\/ilkweb.bilkent.edu.tr\/etkinlikler\/OnemliGunler\/DunyaEngellilerGunu\/DunyaEngellilerGunu.jpg\" height=\"150\" align=\"center\" \/><\/a><a href=\"http:\/\/ilkweb.bilkent.edu.tr\/etkinlikler\/OnemliGunler\/DunyaMadencilerGunu\/DunyaMadencilerGunu.ppsx\" target=\"new\" rel=\"noopener\"><img decoding=\"async\" src=\"http:\/\/ilkweb.bilkent.edu.tr\/etkinlikler\/OnemliGunler\/DunyaMadencilerGunu\/DunyaMadencilerGunu.jpg\" height=\"150\" align=\"center\" \/><\/a><a href=\"http:\/\/ilkweb.bilkent.edu.tr\/etkinlikler\/OnemliGunler\/SecmeSecilme\/SecmeSecilme.ppsx\" target=\"new\" rel=\"noopener\"><img decoding=\"async\" src=\"http:\/\/ilkweb.bilkent.edu.tr\/etkinlikler\/OnemliGunler\/SecmeSecilme\/SecmeSecilme.jpg\" height=\"150\" align=\"center\" \/><\/a><a href=\"http:\/\/ilkweb.bilkent.edu.tr\/etkinlikler\/OnemliGunler\/Demokrasi\/Demokrasi.ppsx\" target=\"new\" rel=\"noopener\"><img decoding=\"async\" src=\"http:\/\/ilkweb.bilkent.edu.tr\/etkinlikler\/OnemliGunler\/Demokrasi\/Demokrasi.jpg\" height=\"150\" align=\"center\" \/><\/a><a href=\"https:\/\/ilkweb.bilkent.edu.tr\/etkinlikler\/OnemliGunler\/YerliMaliHaftasi\/YerliMaliHaftasi.ppsx\" target=\"new\" rel=\"noopener\"><img decoding=\"async\" src=\"http:\/\/ilkweb.bilkent.edu.tr\/etkinlikler\/OnemliGunler\/YerliMaliHaftasi\/YerliMaliHaftasi.jpg\" height=\"150\" align=\"center\" \/><\/a><a href=\"http:\/\/ilkweb.bilkent.edu.tr\/etkinlikler\/OnemliGunler\/MehmetAkifErsoy\/MehmetAkifErsoy.ppsx\" target=\"new\" rel=\"noopener\"><img decoding=\"async\" src=\"http:\/\/ilkweb.bilkent.edu.tr\/etkinlikler\/OnemliGunler\/MehmetAkifErsoy\/MehmetAkifErsoy.jpg\" height=\"150\" align=\"center\" \/><\/a><a href=\"http:\/\/ilkweb.bilkent.edu.tr\/etkinlikler\/OnemliGunler\/27Aralik\/27Aralik.ppsx\" target=\"new\" rel=\"noopener\"><img decoding=\"async\" src=\"https:\/\/ilkweb.bilkent.edu.tr\/etkinlikler\/OnemliGunler\/27Aralik\/27Aralik.jpg\" height=\"150\" align=\"center\" \/><\/a><a href=\"http:\/\/ilkweb.bilkent.edu.tr\/etkinlikler\/OnemliGunler\/GirisimcilikHaftasi\/GirisimcilikHaftasi.ppsx\" target=\"new\" rel=\"noopener\"><img decoding=\"async\" src=\"http:\/\/ilkweb.bilkent.edu.tr\/etkinlikler\/OnemliGunler\/GirisimcilikHaftasi\/GirisimcilikHaftasi.jpg\" height=\"150\" align=\"center\" \/><\/a><a href=\"http:\/\/ilkweb.bilkent.edu.tr\/etkinlikler\/OnemliGunler\/DunyaKadinlarGunu\/DunyaKadinlarGunu.ppsx\" target=\"new\" rel=\"noopener\"><img decoding=\"async\" src=\"http:\/\/ilkweb.bilkent.edu.tr\/etkinlikler\/OnemliGunler\/DunyaKadinlarGunu\/DunyaKadinlarGunu.jpg\" height=\"150\" align=\"center\" \/><\/a><a href=\"http:\/\/ilkweb.bilkent.edu.tr\/etkinlikler\/OnemliGunler\/BilimveTeknolojiHaftasi\/BilimveTeknolojiHaftasi.ppsx\" target=\"new\" rel=\"noopener\"><img decoding=\"async\" src=\"http:\/\/ilkweb.bilkent.edu.tr\/etkinlikler\/OnemliGunler\/BilimveTeknolojiHaftasi\/BilimveTeknolojiHaftasi.jpg\" height=\"150\" align=\"center\" \/><\/a><a href=\"http:\/\/ilkweb.bilkent.edu.tr\/etkinlikler\/OnemliGunler\/18Mart\/18Mart.ppsx\" target=\"new\" rel=\"noopener\"><img decoding=\"async\" src=\"http:\/\/ilkweb.bilkent.edu.tr\/etkinlikler\/OnemliGunler\/18Mart\/18Mart.jpg\" height=\"200\" align=\"center\" \/><\/a><a href=\"http:\/\/ilkweb.bilkent.edu.tr\/etkinlikler\/OnemliGunler\/TuketiciHaftasi\/TuketiciHaftasi.ppsx\" target=\"new\" rel=\"noopener\"><img decoding=\"async\" src=\"http:\/\/ilkweb.bilkent.edu.tr\/etkinlikler\/OnemliGunler\/TuketiciHaftasi\/TuketiciHaftasi.jpg\" height=\"200\" align=\"center\" \/><\/a><a href=\"http:\/\/ilkweb.bilkent.edu.tr\/etkinlikler\/OnemliGunler\/YaslilarHaftasi\/YaslilarHaftasi.ppsx\" target=\"new\" rel=\"noopener\"><img decoding=\"async\" src=\"http:\/\/ilkweb.bilkent.edu.tr\/etkinlikler\/OnemliGunler\/YaslilarHaftasi\/YaslilarHaftasi.jpg\" height=\"150\" align=\"center\" \/><\/a><a href=\"http:\/\/ilkweb.bilkent.edu.tr\/etkinlikler\/OnemliGunler\/OrmanHaftas\u0131\/OrmanHaftas\u0131.ppsx\" target=\"new\" rel=\"noopener\"><img decoding=\"async\" src=\"http:\/\/ilkweb.bilkent.edu.tr\/etkinlikler\/OnemliGunler\/OrmanHaftas\u0131\/OrmanHaftas\u0131.jpg\" height=\"150\" align=\"center\" \/><br \/>\n<\/a><a href=\"http:\/\/ilkweb.bilkent.edu.tr\/etkinlikler\/OnemliGunler\/D\u00fcnyaTiyatrolarG\u00fcn\u00fc\/D\u00fcnyaTiyatrolarG\u00fcn\u00fc.ppsx\" target=\"new\" rel=\"noopener\"><img decoding=\"async\" src=\"http:\/\/ilkweb.bilkent.edu.tr\/etkinlikler\/OnemliGunler\/D\u00fcnyaTiyatrolarG\u00fcn\u00fc\/D\u00fcnyaTiyatrolarG\u00fcn\u00fc.jpg\" height=\"150\" align=\"center\" \/><\/a><a href=\"http:\/\/ilkweb.bilkent.edu.tr\/etkinlikler\/OnemliGunler\/OtizmG\u00fcn\u00fc\/OtizmG\u00fcn\u00fc.ppsx\" target=\"new\" rel=\"noopener\"><img decoding=\"async\" src=\"http:\/\/ilkweb.bilkent.edu.tr\/etkinlikler\/OnemliGunler\/OtizmG\u00fcn\u00fc\/OtizmG\u00fcn\u00fc.jpg\" height=\"150\" align=\"center\" \/><br \/>\n<\/a><\/p>\n<p><a href=\"http:\/\/ilkweb.bilkent.edu.tr\/etkinlikler\/OnemliGunler\/K\u00fct\u00fcphaneHaftas\u0131\/K\u00fct\u00fcphaneHaftas\u0131.ppsx\" target=\"new\" rel=\"noopener\"><img decoding=\"async\" src=\"http:\/\/ilkweb.bilkent.edu.tr\/etkinlikler\/OnemliGunler\/K\u00fct\u00fcphaneHaftas\u0131\/K\u00fct\u00fcphaneHaftas\u0131.jpg\" height=\"150\" align=\"center\" \/><\/a><a href=\"http:\/\/ilkweb.bilkent.edu.tr\/etkinlikler\/OnemliGunler\/D\u00fcnyaSa\u011fl\u0131kG\u00fcn\u00fc\/D\u00fcnyaSa\u011fl\u0131kG\u00fcn\u00fc.ppsx\" target=\"new\" rel=\"noopener\"><img decoding=\"async\" src=\"http:\/\/ilkweb.bilkent.edu.tr\/etkinlikler\/OnemliGunler\/D\u00fcnyaSa\u011fl\u0131kG\u00fcn\u00fc\/D\u00fcnyaSa\u011fl\u0131kG\u00fcn\u00fc.jpg\" height=\"150\" align=\"center\" \/><br \/>\n<\/a><\/p>\n<p><a href=\"http:\/\/ilkweb.bilkent.edu.tr\/etkinlikler\/OnemliGunler\/KVKGunu\/KVKGunu.ppsx\" target=\"new\" rel=\"noopener\"><img decoding=\"async\" src=\"http:\/\/ilkweb.bilkent.edu.tr\/etkinlikler\/OnemliGunler\/KVKGunu\/KVKGunu.jpg\" height=\"150\" align=\"center\" \/> <\/a><a href=\"https:\/\/ilkweb.bilkent.edu.tr\/etkinlikler\/OnemliGunler\/TurizmHaftasi\/TurizmHaftasi.ppsx\" target=\"new\" rel=\"noopener\"><img decoding=\"async\" src=\"http:\/\/ilkweb.bilkent.edu.tr\/etkinlikler\/OnemliGunler\/TurizmHaftasi\/TurizmHaftasi.jpg\" height=\"150\" align=\"center\" \/> <\/a><\/p>\n<p><a href=\"http:\/\/ilkweb.bilkent.edu.tr\/etkinlikler\/OnemliGunler\/BilisimHaftasi\/BilisimHaftasi.ppsx\" target=\"new\" rel=\"noopener\"><img decoding=\"async\" src=\"http:\/\/ilkweb.bilkent.edu.tr\/etkinlikler\/OnemliGunler\/BilisimHaftasi\/BilisimHaftasi.jpg\" height=\"150\" align=\"center\" \/> <\/a><a href=\"http:\/\/ilkweb.bilkent.edu.tr\/etkinlikler\/OnemliGunler\/TrafikveIlkYardimHaftasi\/TrafikveIlkYardimHaftasi.ppsx\" target=\"new\" rel=\"noopener\"><img decoding=\"async\" src=\"http:\/\/ilkweb.bilkent.edu.tr\/etkinlikler\/OnemliGunler\/TrafikveIlkYardimHaftasi\/TrafikveIlkYardimHaftasi.jpg\" height=\"150\" align=\"center\" \/> <\/a><\/p>\n<p><a href=\"http:\/\/ilkweb.bilkent.edu.tr\/etkinlikler\/OnemliGunler\/IsSagligiveGuvenligi\/IsSagligiveGuvenligi.ppsx\" target=\"new\" rel=\"noopener\"><img decoding=\"async\" src=\"http:\/\/ilkweb.bilkent.edu.tr\/etkinlikler\/OnemliGunler\/IsSagligiveGuvenligi\/IsSagligiveGuvenligi.jpg\" height=\"150\" align=\"center\" \/> <\/a><a href=\"http:\/\/ilkweb.bilkent.edu.tr\/etkinlikler\/OnemliGunler\/19Mayis\/19Mayis.ppsx\" target=\"new\" rel=\"noopener\"><img decoding=\"async\" src=\"http:\/\/ilkweb.bilkent.edu.tr\/etkinlikler\/OnemliGunler\/19Mayis\/19Mayis.jpg\" height=\"150\" align=\"center\" \/> <\/a><\/p>\n<p><a href=\"http:\/\/ilkweb.bilkent.edu.tr\/etkinlikler\/OnemliGunler\/MuzelerHaftasi\/MuzelerHaftasi.ppsx\" target=\"new\" rel=\"noopener\"><img decoding=\"async\" src=\"http:\/\/ilkweb.bilkent.edu.tr\/etkinlikler\/OnemliGunler\/MuzelerHaftasi\/MuzelerHaftasi.jpg\" height=\"150\" align=\"center\" \/> <\/a><a href=\"http:\/\/ilkweb.bilkent.edu.tr\/etkinlikler\/OnemliGunler\/EtikGunu\/EtikGunu.ppsx\" target=\"new\" rel=\"noopener\"><img decoding=\"async\" src=\"http:\/\/ilkweb.bilkent.edu.tr\/etkinlikler\/OnemliGunler\/EtikGunu\/EtikGunu.jpg\" height=\"150\" align=\"center\" \/> <\/a><\/p>\n<p><a href=\"http:\/\/ilkweb.bilkent.edu.tr\/etkinlikler\/OnemliGunler\/IstanbulunFethi\/IstanbulunFethi.ppsx\" target=\"new\" rel=\"noopener\"><img decoding=\"async\" src=\"http:\/\/ilkweb.bilkent.edu.tr\/etkinlikler\/OnemliGunler\/IstanbulunFethi\/IstanbulunFethi.jpg\" height=\"150\" align=\"center\" \/> <\/a><a href=\"http:\/\/drive.google.com\/file\/d\/1ykIzCtoet-E8Ljnhp7fwivKytZYO_tuM\/view?usp=sharing\" target=\"new\" rel=\"noopener\"><img decoding=\"async\" src=\"http:\/\/ilkweb.bilkent.edu.tr\/etkinlikler\/OnemliGunler\/CevreGunu\/CevreGunu.jpg\" height=\"150\" align=\"center\" \/> <\/a><\/p>\n<\/div>\n","protected":false},"excerpt":{"rendered":"","protected":false},"author":1,"featured_media":0,"parent":0,"menu_order":0,"comment_status":"closed","ping_status":"closed","template":"","meta":[],"_links":{"self":[{"href":"https:\/\/ilkweb.bilkent.edu.tr\/index.php\/wp-json\/wp\/v2\/pages\/136"}],"collection":[{"href":"https:\/\/ilkweb.bilkent.edu.tr\/index.php\/wp-json\/wp\/v2\/pages"}],"about":[{"href":"https:\/\/ilkweb.bilkent.edu.tr\/index.php\/wp-json\/wp\/v2\/types\/page"}],"author":[{"embeddable":true,"href":"https:\/\/ilkweb.bilkent.edu.tr\/index.php\/wp-json\/wp\/v2\/users\/1"}],"replies":[{"embeddable":true,"href":"https:\/\/ilkweb.bilkent.edu.tr\/index.php\/wp-json\/wp\/v2\/comments?post=136"}],"version-history":[{"count":1,"href":"https:\/\/ilkweb.bilkent.edu.tr\/index.php\/wp-json\/wp\/v2\/pages\/136\/revisions"}],"predecessor-version":[{"id":137,"href":"https:\/\/ilkweb.bilkent.edu.tr\/index.php\/wp-json\/wp\/v2\/pages\/136\/revisions\/137"}],"wp:attachment":[{"href":"https:\/\/ilkweb.bilkent.edu.tr\/index.php\/wp-json\/wp\/v2\/media?parent=136"}],"curies":[{"name":"wp","href":"https:\/\/api.w.org\/{rel}","templated":true}]}}