{"id":134,"date":"2025-01-11T12:29:59","date_gmt":"2025-01-11T12:29:59","guid":{"rendered":"https:\/\/ilkweb.bilkent.edu.tr\/?page_id=134"},"modified":"2025-01-22T11:57:47","modified_gmt":"2025-01-22T11:57:47","slug":"etkinliklerimiz","status":"publish","type":"page","link":"https:\/\/ilkweb.bilkent.edu.tr\/index.php\/etkinliklerimiz\/","title":{"rendered":"Etkinliklerimiz"},"content":{"rendered":"<p>Say\u0131n Velilerimiz,<\/p>\n<p>\u00d6\u011fretim y\u0131l\u0131 boyunca yap\u0131lacak olan t\u00fcm etkinlik, t\u00f6ren, kutlama ve tiyatro toplulu\u011fumuz hakk\u0131nda bilgi ve foto\u011fraflara a\u015fa\u011f\u0131daki linkten ula\u015fabilirsiniz&#8230;<\/p>\n<p><a href=\"..\/..\/index.php\/onemli-gunler\/\" rel=\"noopener\">\u00d6nemli G\u00fcnler<\/a><br \/>\n<!--<a href=\"..\/..\/drama\/index.html\" target=\"_blank\" rel=\"noopener\">Tiyatro Toplulu\u011fu<\/a>--><\/p>\n","protected":false},"excerpt":{"rendered":"<p>Say\u0131n Velilerimiz, \u00d6\u011fretim y\u0131l\u0131 boyunca yap\u0131lacak olan t\u00fcm etkinlik, t\u00f6ren, kutlama ve tiyatro toplulu\u011fumuz hakk\u0131nda bilgi ve foto\u011fraflara a\u015fa\u011f\u0131daki linkten ula\u015fabilirsiniz&#8230; \u00d6nemli G\u00fcnler<\/p>\n","protected":false},"author":1,"featured_media":0,"parent":0,"menu_order":0,"comment_status":"closed","ping_status":"closed","template":"","meta":[],"_links":{"self":[{"href":"https:\/\/ilkweb.bilkent.edu.tr\/index.php\/wp-json\/wp\/v2\/pages\/134"}],"collection":[{"href":"https:\/\/ilkweb.bilkent.edu.tr\/index.php\/wp-json\/wp\/v2\/pages"}],"about":[{"href":"https:\/\/ilkweb.bilkent.edu.tr\/index.php\/wp-json\/wp\/v2\/types\/page"}],"author":[{"embeddable":true,"href":"https:\/\/ilkweb.bilkent.edu.tr\/index.php\/wp-json\/wp\/v2\/users\/1"}],"replies":[{"embeddable":true,"href":"https:\/\/ilkweb.bilkent.edu.tr\/index.php\/wp-json\/wp\/v2\/comments?post=134"}],"version-history":[{"count":6,"href":"https:\/\/ilkweb.bilkent.edu.tr\/index.php\/wp-json\/wp\/v2\/pages\/134\/revisions"}],"predecessor-version":[{"id":326,"href":"https:\/\/ilkweb.bilkent.edu.tr\/index.php\/wp-json\/wp\/v2\/pages\/134\/revisions\/326"}],"wp:attachment":[{"href":"https:\/\/ilkweb.bilkent.edu.tr\/index.php\/wp-json\/wp\/v2\/media?parent=134"}],"curies":[{"name":"wp","href":"https:\/\/api.w.org\/{rel}","templated":true}]}}