{"id":113,"date":"2023-07-08T09:41:55","date_gmt":"2023-07-08T09:41:55","guid":{"rendered":"https:\/\/ilkweb.bilkent.edu.tr\/?page_id=113"},"modified":"2026-04-30T11:44:38","modified_gmt":"2026-04-30T11:44:38","slug":"yemek-menusu","status":"publish","type":"page","link":"https:\/\/ilkweb.bilkent.edu.tr\/index.php\/yemek-menusu\/","title":{"rendered":"Yemek Men\u00fcs\u00fc"},"content":{"rendered":"<p><!--<img decoding=\"async\" loading=\"lazy\" class=\"aligncenter size-full wp-image-886\" src=\"https:\/\/ilkweb.bilkent.edu.tr\/wp-content\/uploads\/2017\/10\/yakinda.png\" alt=\"\" width=\"593\" height=\"166\" \/><span data-mce-type=\"bookmark\" style=\"display: inline-block; width: 0px; overflow: hidden; line-height: 0;\" class=\"mce_SELRES_start\"><\/span><span data-mce-type=\"bookmark\" style=\"display: inline-block; width: 0px; overflow: hidden; line-height: 0;\" class=\"mce_SELRES_start\"><\/span><span data-mce-type=\"bookmark\" style=\"display: inline-block; width: 0px; overflow: hidden; line-height: 0;\" class=\"mce_SELRES_start\"><\/span><span data-mce-type=\"bookmark\" style=\"display: inline-block; width: 0px; overflow: hidden; line-height: 0;\" class=\"mce_SELRES_start\"><\/span><span data-mce-type=\"bookmark\" style=\"display: inline-block; width: 0px; overflow: hidden; line-height: 0;\" class=\"mce_SELRES_start\"><\/span>--><\/p>\n<p>Nisan Ay\u0131 Yemek Men\u00fcs\u00fc i\u00e7in <a href=\"..\/..\/forms\/eskiyemek.pdf\" target=\"_blank\" rel=\"noopener\">TIKLAYINIZ.<\/a><\/p>\n<p>May\u0131s Ay\u0131 Yemek Men\u00fcs\u00fc i\u00e7in <a href=\"..\/..\/forms\/yemek.pdf\" target=\"_blank\" rel=\"noopener\">TIKLAYINIZ.<\/a><\/p>\n","protected":false},"excerpt":{"rendered":"<p>Nisan Ay\u0131 Yemek Men\u00fcs\u00fc i\u00e7in TIKLAYINIZ. May\u0131s Ay\u0131 Yemek Men\u00fcs\u00fc i\u00e7in TIKLAYINIZ.<\/p>\n","protected":false},"author":1,"featured_media":0,"parent":0,"menu_order":0,"comment_status":"closed","ping_status":"closed","template":"","meta":[],"_links":{"self":[{"href":"https:\/\/ilkweb.bilkent.edu.tr\/index.php\/wp-json\/wp\/v2\/pages\/113"}],"collection":[{"href":"https:\/\/ilkweb.bilkent.edu.tr\/index.php\/wp-json\/wp\/v2\/pages"}],"about":[{"href":"https:\/\/ilkweb.bilkent.edu.tr\/index.php\/wp-json\/wp\/v2\/types\/page"}],"author":[{"embeddable":true,"href":"https:\/\/ilkweb.bilkent.edu.tr\/index.php\/wp-json\/wp\/v2\/users\/1"}],"replies":[{"embeddable":true,"href":"https:\/\/ilkweb.bilkent.edu.tr\/index.php\/wp-json\/wp\/v2\/comments?post=113"}],"version-history":[{"count":19,"href":"https:\/\/ilkweb.bilkent.edu.tr\/index.php\/wp-json\/wp\/v2\/pages\/113\/revisions"}],"predecessor-version":[{"id":649,"href":"https:\/\/ilkweb.bilkent.edu.tr\/index.php\/wp-json\/wp\/v2\/pages\/113\/revisions\/649"}],"wp:attachment":[{"href":"https:\/\/ilkweb.bilkent.edu.tr\/index.php\/wp-json\/wp\/v2\/media?parent=113"}],"curies":[{"name":"wp","href":"https:\/\/api.w.org\/{rel}","templated":true}]}}